{"id":8684,"date":"2026-02-10T12:06:27","date_gmt":"2026-02-10T04:06:27","guid":{"rendered":"https:\/\/ruidapacking.com\/?post_type=product&#038;p=8684"},"modified":"2026-02-10T18:22:37","modified_gmt":"2026-02-10T10:22:37","slug":"16-lanes-tablet-counting-machine","status":"publish","type":"product","link":"https:\/\/ruidapacking.com\/tr\/product\/16-lanes-tablet-counting-machine\/","title":{"rendered":"16 \u015eeritli Tablet Sayma Makinesi"},"content":{"rendered":"","protected":false},"excerpt":{"rendered":"<p>16 Lanes tablet sayma makineleri, ila\u00e7, nutras\u00f6tik ve g\u0131da end\u00fcstrilerinde tablet veya kaps\u00fcllerin do\u011fru bir \u015fekilde da\u011f\u0131t\u0131lmas\u0131 i\u00e7in kritik \u00f6neme sahiptir. <\/p>","protected":false},"featured_media":12726,"template":"","meta":{"_sitemap_exclude":false,"_sitemap_priority":"","_sitemap_frequency":""},"product_categories":[41],"class_list":["post-8684","product","type-product","status-publish","has-post-thumbnail","hentry","product_categories-all-blister-packing-machine"],"acf":[],"_links":{"self":[{"href":"https:\/\/ruidapacking.com\/tr\/wp-json\/wp\/v2\/product\/8684","targetHints":{"allow":["GET"]}}],"collection":[{"href":"https:\/\/ruidapacking.com\/tr\/wp-json\/wp\/v2\/product"}],"about":[{"href":"https:\/\/ruidapacking.com\/tr\/wp-json\/wp\/v2\/types\/product"}],"wp:featuredmedia":[{"embeddable":true,"href":"https:\/\/ruidapacking.com\/tr\/wp-json\/wp\/v2\/media\/12726"}],"wp:attachment":[{"href":"https:\/\/ruidapacking.com\/tr\/wp-json\/wp\/v2\/media?parent=8684"}],"wp:term":[{"taxonomy":"product_categories","embeddable":true,"href":"https:\/\/ruidapacking.com\/tr\/wp-json\/wp\/v2\/product_categories?post=8684"}],"curies":[{"name":"wp","href":"https:\/\/api.w.org\/{rel}","templated":true}]}}