{"id":8655,"date":"2023-11-24T16:59:11","date_gmt":"2023-11-24T08:59:11","guid":{"rendered":"https:\/\/ruidapacking.com\/?post_type=product&#038;p=8655"},"modified":"2023-11-24T17:03:33","modified_gmt":"2023-11-24T09:03:33","slug":"capsule-vibratory-track-filling-and-counting-machine","status":"publish","type":"product","link":"https:\/\/ruidapacking.com\/tr\/product\/capsule-vibratory-track-filling-and-counting-machine\/","title":{"rendered":"Kaps\u00fcl Titre\u015fimli Rayl\u0131 Dolum ve Sayma Makinesi"},"content":{"rendered":"","protected":false},"excerpt":{"rendered":"","protected":false},"featured_media":8527,"template":"","meta":{"_sitemap_exclude":false,"_sitemap_priority":"","_sitemap_frequency":""},"product_categories":[42],"class_list":["post-8655","product","type-product","status-publish","has-post-thumbnail","hentry","product_categories-all-automatic-counting-machine"],"acf":[],"_links":{"self":[{"href":"https:\/\/ruidapacking.com\/tr\/wp-json\/wp\/v2\/product\/8655","targetHints":{"allow":["GET"]}}],"collection":[{"href":"https:\/\/ruidapacking.com\/tr\/wp-json\/wp\/v2\/product"}],"about":[{"href":"https:\/\/ruidapacking.com\/tr\/wp-json\/wp\/v2\/types\/product"}],"wp:featuredmedia":[{"embeddable":true,"href":"https:\/\/ruidapacking.com\/tr\/wp-json\/wp\/v2\/media\/8527"}],"wp:attachment":[{"href":"https:\/\/ruidapacking.com\/tr\/wp-json\/wp\/v2\/media?parent=8655"}],"wp:term":[{"taxonomy":"product_categories","embeddable":true,"href":"https:\/\/ruidapacking.com\/tr\/wp-json\/wp\/v2\/product_categories?post=8655"}],"curies":[{"name":"wp","href":"https:\/\/api.w.org\/{rel}","templated":true}]}}