{"id":1536,"date":"2022-08-03T12:39:09","date_gmt":"2022-08-03T12:39:09","guid":{"rendered":"https:\/\/ruidapacking.com\/?post_type=product&#038;p=1536"},"modified":"2024-08-26T18:08:50","modified_gmt":"2024-08-26T10:08:50","slug":"njp-400c-automatic-capsule-filling-machine","status":"publish","type":"product","link":"https:\/\/ruidapacking.com\/tr\/product\/njp-400c-automatic-capsule-filling-machine\/","title":{"rendered":"NJP-400C Otomatik Kaps\u00fcl Dolum Makinesi"},"content":{"rendered":"","protected":false},"excerpt":{"rendered":"<p>NJP-400C otomatik kaps\u00fcl dolum makinesi toz, gran\u00fcl ve sert kaps\u00fclleri doldurabilir. \u0130la\u00e7 ve g\u0131da end\u00fcstrisinde yayg\u0131n olarak kullan\u0131lan kaps\u00fcl boyutu #000-5 i\u00e7in uygundur.<\/p>","protected":false},"featured_media":9145,"template":"","meta":{"_sitemap_exclude":false,"_sitemap_priority":"","_sitemap_frequency":""},"product_categories":[37],"class_list":["post-1536","product","type-product","status-publish","has-post-thumbnail","hentry","product_categories-all-automatic-capsule-filling-machine"],"acf":[],"_links":{"self":[{"href":"https:\/\/ruidapacking.com\/tr\/wp-json\/wp\/v2\/product\/1536","targetHints":{"allow":["GET"]}}],"collection":[{"href":"https:\/\/ruidapacking.com\/tr\/wp-json\/wp\/v2\/product"}],"about":[{"href":"https:\/\/ruidapacking.com\/tr\/wp-json\/wp\/v2\/types\/product"}],"wp:featuredmedia":[{"embeddable":true,"href":"https:\/\/ruidapacking.com\/tr\/wp-json\/wp\/v2\/media\/9145"}],"wp:attachment":[{"href":"https:\/\/ruidapacking.com\/tr\/wp-json\/wp\/v2\/media?parent=1536"}],"wp:term":[{"taxonomy":"product_categories","embeddable":true,"href":"https:\/\/ruidapacking.com\/tr\/wp-json\/wp\/v2\/product_categories?post=1536"}],"curies":[{"name":"wp","href":"https:\/\/api.w.org\/{rel}","templated":true}]}}