{"id":14326,"date":"2026-02-10T14:37:42","date_gmt":"2026-02-10T06:37:42","guid":{"rendered":"https:\/\/ruidapacking.com\/?post_type=product&#038;p=14326"},"modified":"2026-02-10T18:20:27","modified_gmt":"2026-02-10T10:20:27","slug":"tablet-compression-machine","status":"publish","type":"product","link":"https:\/\/ruidapacking.com\/tr\/product\/tablet-compression-machine\/","title":{"rendered":"Tablet S\u0131k\u0131\u015ft\u0131rma Makinesi"},"content":{"rendered":"","protected":false},"excerpt":{"rendered":"<p>Tablet s\u0131k\u0131\u015ft\u0131rma makinesi, toz veya gran\u00fcl malzemeleri s\u0131k\u0131\u015ft\u0131rarak kat\u0131 tabletler \u00fcretmek i\u00e7in gerekli bir ekipmand\u0131r.<\/p>","protected":false},"featured_media":14330,"template":"","meta":{"_sitemap_exclude":false,"_sitemap_priority":"","_sitemap_frequency":""},"product_categories":[41,40],"class_list":["post-14326","product","type-product","status-publish","has-post-thumbnail","hentry","product_categories-all-blister-packing-machine","product_categories-all-tablet-press-machine"],"acf":[],"_links":{"self":[{"href":"https:\/\/ruidapacking.com\/tr\/wp-json\/wp\/v2\/product\/14326","targetHints":{"allow":["GET"]}}],"collection":[{"href":"https:\/\/ruidapacking.com\/tr\/wp-json\/wp\/v2\/product"}],"about":[{"href":"https:\/\/ruidapacking.com\/tr\/wp-json\/wp\/v2\/types\/product"}],"wp:featuredmedia":[{"embeddable":true,"href":"https:\/\/ruidapacking.com\/tr\/wp-json\/wp\/v2\/media\/14330"}],"wp:attachment":[{"href":"https:\/\/ruidapacking.com\/tr\/wp-json\/wp\/v2\/media?parent=14326"}],"wp:term":[{"taxonomy":"product_categories","embeddable":true,"href":"https:\/\/ruidapacking.com\/tr\/wp-json\/wp\/v2\/product_categories?post=14326"}],"curies":[{"name":"wp","href":"https:\/\/api.w.org\/{rel}","templated":true}]}}