{"id":13961,"date":"2025-05-22T20:01:04","date_gmt":"2025-05-22T12:01:04","guid":{"rendered":"https:\/\/ruidapacking.com\/?post_type=product&#038;p=13961"},"modified":"2025-06-03T10:57:45","modified_gmt":"2025-06-03T02:57:45","slug":"full-servo-blister-cartoner-line","status":"publish","type":"product","link":"https:\/\/ruidapacking.com\/tr\/product\/full-servo-blister-cartoner-line\/","title":{"rendered":"Tam Servo Blister Kartonlama Hatt\u0131"},"content":{"rendered":"","protected":false},"excerpt":{"rendered":"<p>Tam servo blister kartonlama hatt\u0131m\u0131z, \u00fcr\u00fcnlerin (haplar, kaps\u00fcller) \u00f6nceden olu\u015fturulmu\u015f plastik blisterlere konularak kartonlara paketlenmesi s\u00fcrecini otomatikle\u015ftirir.<\/p>","protected":false},"featured_media":13963,"template":"","meta":{"_sitemap_exclude":false,"_sitemap_priority":"","_sitemap_frequency":""},"product_categories":[41],"class_list":["post-13961","product","type-product","status-publish","has-post-thumbnail","hentry","product_categories-all-blister-packing-machine"],"acf":[],"_links":{"self":[{"href":"https:\/\/ruidapacking.com\/tr\/wp-json\/wp\/v2\/product\/13961","targetHints":{"allow":["GET"]}}],"collection":[{"href":"https:\/\/ruidapacking.com\/tr\/wp-json\/wp\/v2\/product"}],"about":[{"href":"https:\/\/ruidapacking.com\/tr\/wp-json\/wp\/v2\/types\/product"}],"wp:featuredmedia":[{"embeddable":true,"href":"https:\/\/ruidapacking.com\/tr\/wp-json\/wp\/v2\/media\/13963"}],"wp:attachment":[{"href":"https:\/\/ruidapacking.com\/tr\/wp-json\/wp\/v2\/media?parent=13961"}],"wp:term":[{"taxonomy":"product_categories","embeddable":true,"href":"https:\/\/ruidapacking.com\/tr\/wp-json\/wp\/v2\/product_categories?post=13961"}],"curies":[{"name":"wp","href":"https:\/\/api.w.org\/{rel}","templated":true}]}}