{"id":13926,"date":"2026-02-10T10:39:03","date_gmt":"2026-02-10T02:39:03","guid":{"rendered":"https:\/\/ruidapacking.com\/?post_type=product&#038;p=13926"},"modified":"2026-02-10T18:24:06","modified_gmt":"2026-02-10T10:24:06","slug":"blister-cartoning-packing-line","status":"publish","type":"product","link":"https:\/\/ruidapacking.com\/tr\/product\/blister-cartoning-packing-line\/","title":{"rendered":"Blister Kartonlama Paketleme Hatt\u0131"},"content":{"rendered":"","protected":false},"excerpt":{"rendered":"<p>Blister karton paketleme hatt\u0131, s\u00fcrekli \u00fcretim i\u00e7in blister olu\u015fturma, \u00fcr\u00fcn doldurma, kapatma, muayene, reddetme ve karton paketlemeyi bir araya getirir.<\/p>","protected":false},"featured_media":13927,"template":"","meta":{"_sitemap_exclude":false,"_sitemap_priority":"","_sitemap_frequency":""},"product_categories":[41],"class_list":["post-13926","product","type-product","status-publish","has-post-thumbnail","hentry","product_categories-all-blister-packing-machine"],"acf":[],"_links":{"self":[{"href":"https:\/\/ruidapacking.com\/tr\/wp-json\/wp\/v2\/product\/13926","targetHints":{"allow":["GET"]}}],"collection":[{"href":"https:\/\/ruidapacking.com\/tr\/wp-json\/wp\/v2\/product"}],"about":[{"href":"https:\/\/ruidapacking.com\/tr\/wp-json\/wp\/v2\/types\/product"}],"wp:featuredmedia":[{"embeddable":true,"href":"https:\/\/ruidapacking.com\/tr\/wp-json\/wp\/v2\/media\/13927"}],"wp:attachment":[{"href":"https:\/\/ruidapacking.com\/tr\/wp-json\/wp\/v2\/media?parent=13926"}],"wp:term":[{"taxonomy":"product_categories","embeddable":true,"href":"https:\/\/ruidapacking.com\/tr\/wp-json\/wp\/v2\/product_categories?post=13926"}],"curies":[{"name":"wp","href":"https:\/\/api.w.org\/{rel}","templated":true}]}}