{"id":13460,"date":"2025-02-19T16:55:37","date_gmt":"2025-02-19T08:55:37","guid":{"rendered":"https:\/\/ruidapacking.com\/?post_type=product&#038;p=13460"},"modified":"2026-03-27T16:38:07","modified_gmt":"2026-03-27T08:38:07","slug":"three-side-sealed-bag-sachet-packing-machine","status":"publish","type":"product","link":"https:\/\/ruidapacking.com\/tr\/product\/three-side-sealed-bag-sachet-packing-machine\/","title":{"rendered":"\u00dc\u00e7 Taraf\u0131 Kapal\u0131 Po\u015fet Paketleme Makinesi"},"content":{"rendered":"","protected":false},"excerpt":{"rendered":"<p>\u00dc\u00e7 Taraf\u0131 Kapal\u0131 Po\u015fet Paketleme Makinesi: Tozlar, gran\u00fcller ve s\u0131v\u0131lar i\u00e7in y\u00fcksek h\u0131zl\u0131, hassas VFFS teknolojisi. G\u0131da, ila\u00e7 ve kimyasallar i\u00e7in idealdir.<\/p>","protected":false},"featured_media":14135,"template":"","meta":{"_sitemap_exclude":false,"_sitemap_priority":"","_sitemap_frequency":""},"product_categories":[76],"class_list":["post-13460","product","type-product","status-publish","has-post-thumbnail","hentry","product_categories-sachet-packing-machine"],"acf":[],"_links":{"self":[{"href":"https:\/\/ruidapacking.com\/tr\/wp-json\/wp\/v2\/product\/13460","targetHints":{"allow":["GET"]}}],"collection":[{"href":"https:\/\/ruidapacking.com\/tr\/wp-json\/wp\/v2\/product"}],"about":[{"href":"https:\/\/ruidapacking.com\/tr\/wp-json\/wp\/v2\/types\/product"}],"wp:featuredmedia":[{"embeddable":true,"href":"https:\/\/ruidapacking.com\/tr\/wp-json\/wp\/v2\/media\/14135"}],"wp:attachment":[{"href":"https:\/\/ruidapacking.com\/tr\/wp-json\/wp\/v2\/media?parent=13460"}],"wp:term":[{"taxonomy":"product_categories","embeddable":true,"href":"https:\/\/ruidapacking.com\/tr\/wp-json\/wp\/v2\/product_categories?post=13460"}],"curies":[{"name":"wp","href":"https:\/\/api.w.org\/{rel}","templated":true}]}}