{"id":13446,"date":"2025-02-19T15:36:24","date_gmt":"2025-02-19T07:36:24","guid":{"rendered":"https:\/\/ruidapacking.com\/?post_type=product&#038;p=13446"},"modified":"2025-11-05T11:10:24","modified_gmt":"2025-11-05T03:10:24","slug":"pouch-packing-machine-with-multi-head-weighing","status":"publish","type":"product","link":"https:\/\/ruidapacking.com\/tr\/product\/pouch-packing-machine-with-multi-head-weighing\/","title":{"rendered":"\u00c7ok Kafal\u0131 Tart\u0131ml\u0131 Po\u015fet Paketleme Makinesi"},"content":{"rendered":"","protected":false},"excerpt":{"rendered":"<p>\u00c7ok Kafal\u0131 Tart\u0131ml\u0131 Po\u015fet Paketleme Makinesi: G\u0131da ve ila\u00e7 i\u00e7in y\u00fcksek hassasiyetli, otomatik paketleme. Dinamik tart\u0131m ve servo torba besleme \u00f6zelliklerine sahiptir.<\/p>","protected":false},"featured_media":13449,"template":"","meta":{"_sitemap_exclude":false,"_sitemap_priority":"","_sitemap_frequency":""},"product_categories":[73],"class_list":["post-13446","product","type-product","status-publish","has-post-thumbnail","hentry","product_categories-all-premade-pouch-packing-machine"],"acf":[],"_links":{"self":[{"href":"https:\/\/ruidapacking.com\/tr\/wp-json\/wp\/v2\/product\/13446","targetHints":{"allow":["GET"]}}],"collection":[{"href":"https:\/\/ruidapacking.com\/tr\/wp-json\/wp\/v2\/product"}],"about":[{"href":"https:\/\/ruidapacking.com\/tr\/wp-json\/wp\/v2\/types\/product"}],"wp:featuredmedia":[{"embeddable":true,"href":"https:\/\/ruidapacking.com\/tr\/wp-json\/wp\/v2\/media\/13449"}],"wp:attachment":[{"href":"https:\/\/ruidapacking.com\/tr\/wp-json\/wp\/v2\/media?parent=13446"}],"wp:term":[{"taxonomy":"product_categories","embeddable":true,"href":"https:\/\/ruidapacking.com\/tr\/wp-json\/wp\/v2\/product_categories?post=13446"}],"curies":[{"name":"wp","href":"https:\/\/api.w.org\/{rel}","templated":true}]}}