{"id":13279,"date":"2025-01-14T18:22:59","date_gmt":"2025-01-14T10:22:59","guid":{"rendered":"https:\/\/ruidapacking.com\/?post_type=product&#038;p=13279"},"modified":"2026-01-27T16:11:32","modified_gmt":"2026-01-27T08:11:32","slug":"full-servo-blister-packing-machine","status":"publish","type":"product","link":"https:\/\/ruidapacking.com\/tr\/product\/full-servo-blister-packing-machine\/","title":{"rendered":"Tam Servo Blister Paketleme Makinesi"},"content":{"rendered":"","protected":false},"excerpt":{"rendered":"<p>Tam servo blister paketleme makinesi tabletleri ve kaps\u00fclleri alu pvc veya alu alu blister ambalajlayabilir, maksimum \u00e7\u0131k\u0131\u015f 27.000 blister\/saattir, tamamen cGMP standartlar\u0131n\u0131 kar\u015f\u0131lar.<\/p>","protected":false},"featured_media":15824,"template":"","meta":{"_sitemap_exclude":false,"_sitemap_priority":"","_sitemap_frequency":""},"product_categories":[41],"class_list":["post-13279","product","type-product","status-publish","has-post-thumbnail","hentry","product_categories-all-blister-packing-machine"],"acf":[],"_links":{"self":[{"href":"https:\/\/ruidapacking.com\/tr\/wp-json\/wp\/v2\/product\/13279","targetHints":{"allow":["GET"]}}],"collection":[{"href":"https:\/\/ruidapacking.com\/tr\/wp-json\/wp\/v2\/product"}],"about":[{"href":"https:\/\/ruidapacking.com\/tr\/wp-json\/wp\/v2\/types\/product"}],"wp:featuredmedia":[{"embeddable":true,"href":"https:\/\/ruidapacking.com\/tr\/wp-json\/wp\/v2\/media\/15824"}],"wp:attachment":[{"href":"https:\/\/ruidapacking.com\/tr\/wp-json\/wp\/v2\/media?parent=13279"}],"wp:term":[{"taxonomy":"product_categories","embeddable":true,"href":"https:\/\/ruidapacking.com\/tr\/wp-json\/wp\/v2\/product_categories?post=13279"}],"curies":[{"name":"wp","href":"https:\/\/api.w.org\/{rel}","templated":true}]}}