{"id":13184,"date":"2026-02-10T10:05:39","date_gmt":"2026-02-10T02:05:39","guid":{"rendered":"https:\/\/ruidapacking.com\/?post_type=product&#038;p=13184"},"modified":"2026-02-10T18:25:12","modified_gmt":"2026-02-10T10:25:12","slug":"high-speed-flow-wrapper","status":"publish","type":"product","link":"https:\/\/ruidapacking.com\/tr\/product\/high-speed-flow-wrapper\/","title":{"rendered":"Y\u00fcksek H\u0131zl\u0131 Ak\u0131\u015f Sarma Makinesi"},"content":{"rendered":"","protected":false},"excerpt":{"rendered":"<p>Y\u00fcksek h\u0131zl\u0131 ak\u0131\u015fl\u0131 ambalajlama makinesi, h\u0131zl\u0131 ve verimli paketleme olana\u011f\u0131 sunar, i\u015f\u00e7ilik maliyetlerini d\u00fc\u015f\u00fcr\u00fcr, tutarl\u0131l\u0131\u011f\u0131 iyile\u015ftirir ve y\u00fcksek hacimli operasyonlar i\u00e7in \u00fcretim \u00e7\u0131kt\u0131s\u0131n\u0131 art\u0131r\u0131r.<\/p>","protected":false},"featured_media":13185,"template":"","meta":{"_sitemap_exclude":false,"_sitemap_priority":"","_sitemap_frequency":""},"product_categories":[41],"class_list":["post-13184","product","type-product","status-publish","has-post-thumbnail","hentry","product_categories-all-blister-packing-machine"],"acf":[],"_links":{"self":[{"href":"https:\/\/ruidapacking.com\/tr\/wp-json\/wp\/v2\/product\/13184","targetHints":{"allow":["GET"]}}],"collection":[{"href":"https:\/\/ruidapacking.com\/tr\/wp-json\/wp\/v2\/product"}],"about":[{"href":"https:\/\/ruidapacking.com\/tr\/wp-json\/wp\/v2\/types\/product"}],"wp:featuredmedia":[{"embeddable":true,"href":"https:\/\/ruidapacking.com\/tr\/wp-json\/wp\/v2\/media\/13185"}],"wp:attachment":[{"href":"https:\/\/ruidapacking.com\/tr\/wp-json\/wp\/v2\/media?parent=13184"}],"wp:term":[{"taxonomy":"product_categories","embeddable":true,"href":"https:\/\/ruidapacking.com\/tr\/wp-json\/wp\/v2\/product_categories?post=13184"}],"curies":[{"name":"wp","href":"https:\/\/api.w.org\/{rel}","templated":true}]}}