{"id":15034,"date":"2025-09-25T23:26:45","date_gmt":"2025-09-25T15:26:45","guid":{"rendered":"https:\/\/ruidapacking.com\/?page_id=15034"},"modified":"2025-09-26T10:31:57","modified_gmt":"2025-09-26T02:31:57","slug":"privacy-policy","status":"publish","type":"page","link":"https:\/\/ruidapacking.com\/tr\/privacy-policy\/","title":{"rendered":"Gizlilik Politikas\u0131"},"content":{"rendered":"<div data-elementor-type=\"wp-page\" data-elementor-id=\"15034\" class=\"elementor elementor-15034\" data-elementor-post-type=\"page\">\n\t\t\t\t<div class=\"elementor-element elementor-element-79a1883d e-flex e-con-boxed e-con e-parent\" data-id=\"79a1883d\" data-element_type=\"container\" data-e-type=\"container\">\n\t\t\t\t\t<div class=\"e-con-inner\">\n\t\t\t\t<div class=\"elementor-element elementor-element-307258e6 elementor-widget elementor-widget-text-editor\" data-id=\"307258e6\" data-element_type=\"widget\" data-e-type=\"widget\" data-widget_type=\"text-editor.default\">\n\t\t\t\t<div class=\"elementor-widget-container\">\n\t\t\t\t\t\t\t\t\t<h4 class=\"privacy-policy-h1\">\n<br><span>Son G\u00fcncelleme Tarihi 25-Sep-2025<\/span>\n<br><span>Y\u00fcr\u00fcrl\u00fck Tarihi 25-Eyl\u00fcl-2025<\/span>\n<\/h4>\n\n<p class=\"privacy-policy-p\">\n    Bu Gizlilik Politikas\u0131 a\u015fa\u011f\u0131dakilerin politikalar\u0131n\u0131 a\u00e7\u0131klamaktad\u0131r\n\n    Guangzhou Ruida Paketleme Makineleri Ltd,\n    Bina D, No. 226, Beishan Qiaotou Caddesi, Haizhu B\u00f6lgesi, Guangzhou \u015eehri, Guangdong Eyaleti, \u00c7in,\n    \n    e-posta: ceo@ruidapacking.com,\n    Telefon +86 15817128250\n\n    koleksiyonda,\n    toplad\u0131\u011f\u0131m\u0131z bilgilerinizin kullan\u0131m\u0131 ve if\u015fas\u0131\n    web sitemizi ( https:\/\/ruidapacking.com ) kulland\u0131\u011f\u0131n\u0131zda.\n    (\u201cHizmet\u201d). Eri\u015fim sa\u011flayarak veya kullanarak\n    ve\n    Hizmeti'ni kullanman\u0131z halinde, bu hizmetin toplanmas\u0131na, kullan\u0131lmas\u0131na ve\n    bilgilerinizin bu belgeye uygun olarak if\u015fa edilmesi\n    Gizlilik Politikas\u0131. E\u011fer ayn\u0131 \u015feyi kabul etmiyorsan\u0131z,\n    l\u00fctfen Hizmete eri\u015fmeyin veya Hizmeti kullanmay\u0131n.\n<\/p>\n\n<p class=\"privacy-policy-p\">\n    Bu Gizlilik Politikas\u0131n\u0131 herhangi bir zamanda\n    size \u00f6nceden bildirimde bulunacak ve revize edilmi\u015f\n    Hizmetteki Gizlilik Politikas\u0131. Revize edilen Politika \u015funlar\u0131 i\u00e7erecektir\n    180 g\u00fcn sonra y\u00fcr\u00fcrl\u00fc\u011fe girecektir.\n    revize edilmi\u015f Politika Hizmette yay\u0131nlan\u0131r ve sizin\n    bu s\u00fcreden sonra Hizmete eri\u015fimin veya Hizmetin kullan\u0131m\u0131n\u0131n devam etmesi\n    revize edilmi\u015f Gizlilik S\u00f6zle\u015fmesini kabul etti\u011finiz anlam\u0131na gelecektir.\n    Politika. Bu nedenle periyodik olarak \u015funlar\u0131 yapman\u0131z\u0131 \u00f6neririz\n    bu sayfay\u0131 g\u00f6zden ge\u00e7irin.\n<\/p>\n\n<ol class=\"privacy-policy-ol\">\n        <li>\n        <h5 class=\"privacy-policy-h2\">\n            Toplad\u0131\u011f\u0131m\u0131z Bilgiler:\n        <\/h5>\n\n        \n        <p class=\"privacy-policy-p\">\n            A\u015fa\u011f\u0131dakileri toplayacak ve i\u015fleyece\u011fiz\n            sizinle ilgili ki\u015fisel bilgiler:\n        <\/p>\n        <ol class=\"privacy-policy-ol\">\n\n                        <li>\u0130sim<\/li>\n            \n                        <li>E-posta<\/li>\n            \n                        <li>Mobil<\/li>\n            \n            \n            \n            \n            \n                        \n                                    <li>pozisyon<\/li>\n                                                <li>\u015e\u0130RKET ADI<\/li>\n                                                <li>\u00fclke\/b\u00f6lge.<\/li>\n                        \n        <\/ol>\n        \n\n        \n\n    <\/li>\n\n    \n    \n\n        <li>\n        <h5 class=\"privacy-policy-h2\">\n            Bilgilerinizi Nas\u0131l Kullan\u0131yoruz:\n        <\/h5>\n        <p class=\"privacy-policy-p\">\n            Toplad\u0131\u011f\u0131m\u0131z bilgileri kullanaca\u011f\u0131z\n            sizin hakk\u0131n\u0131zda a\u015fa\u011f\u0131daki ama\u00e7lar i\u00e7in:\n        <\/p>\n        <ol class=\"privacy-policy-ol\">\n\n                        <li>Pazarlama \/ Promosyon<\/li>\n            \n            \n                        <li>G\u00f6r\u00fc\u015fler<\/li>\n            \n            \n            \n            \n                        <li>Destek<\/li>\n            \n            \n                        <li>Hedefli reklamc\u0131l\u0131k<\/li>\n            \n            \n            \n            \n            \n            \n        <\/ol>\n        <p class=\"privacy-policy-p\">\n            Bilgilerinizi ba\u015fka herhangi bir ama\u00e7la kullanmak istersek\n            amac\u0131yla, sizden onay isteyece\u011fiz ve\n            bilgilerinizi sadece sizin bilgilerinizi ald\u0131ktan sonra\n            ve daha sonra, yaln\u0131zca a\u015fa\u011f\u0131daki ama\u00e7(lar) i\u00e7in\n            yapmam\u0131z gerekmedik\u00e7e onay veren\n            aksi takdirde kanunen.\n        <\/p>\n    <\/li>\n    \n    \n    <li>\n        <h5 class=\"privacy-policy-h2\">\n            Bilgilerinizi Nas\u0131l Payla\u015f\u0131yoruz:\n        <\/h5>\n\n\n                <p class=\"privacy-policy-p\">\n            Ki\u015fisel bilgilerinizi aktarmayaca\u011f\u0131z\n            sizin izninizi almadan herhangi bir \u00fc\u00e7\u00fcnc\u00fc tarafa aktaramaz,\n            a\u00e7\u0131klanan s\u0131n\u0131rl\u0131 durumlar d\u0131\u015f\u0131nda\n            a\u015fa\u011f\u0131da:\n        <\/p>\n        <ol class=\"privacy-policy-ol\">\n                        <li>Reklam hizmeti<\/li>\n            \n            \n            \n            \n                        <li>Analitik<\/li>\n            \n            \n                    <\/ol>\n        \n        <p class=\"privacy-policy-p\">\n            Bu t\u00fcr \u00fc\u00e7\u00fcnc\u00fc taraflar\u0131n\n            sadece onlara aktard\u0131\u011f\u0131m\u0131z ki\u015fisel bilgiler\n            devredildi\u011fi ama\u00e7 i\u00e7in ve\n            i\u00e7in gerekenden daha uzun s\u00fcre saklamamak\n            s\u00f6z konusu amac\u0131 yerine getirmek.\n        <\/p>\n        <p class=\"privacy-policy-p\">\n            Ki\u015fisel bilgilerinizi ayr\u0131ca if\u015fa edebiliriz\n            a\u015fa\u011f\u0131dakiler i\u00e7in: (1) y\u00fcr\u00fcrl\u00fckteki mevzuata uymak\n            kanun, y\u00f6netmelik, mahkeme karar\u0131 veya di\u011fer yasal\n            s\u00fcreci; (2) bizimle olan s\u00f6zle\u015fmelerinizi uygulamak i\u00e7in,\n            bu Gizlilik Politikas\u0131 dahil; veya (3) yan\u0131t vermek i\u00e7in\n            Hizmeti kullan\u0131m\u0131n\u0131z\u0131n a\u015fa\u011f\u0131dakileri ihlal etti\u011fi iddialar\u0131na\n            herhangi bir \u00fc\u00e7\u00fcnc\u00fc taraf hakk\u0131. E\u011fer Hizmet veya bizim\n            \u015firketin ba\u015fka bir \u015firketle birle\u015fmesi veya sat\u0131n al\u0131nmas\u0131\n            \u015firket, sizin bilgileriniz\n            yeni sahibine devredilen varl\u0131klar.\n        <\/p>\n    <\/li>\n    \n\n        <li>\n        <h5 class=\"privacy-policy-h2\">\n            Bilgilerinizin Saklanmas\u0131:\n        <\/h5>\n        <p class=\"privacy-policy-p\">\n            Ki\u015fisel bilgilerinizi bizde saklayaca\u011f\u0131z\n            i\u00e7in\n                        Toplanan ki\u015fisel verileri, hizmetlerimizi sunmak ve sorulara yan\u0131t vermek i\u00e7in gerekli oldu\u011fu s\u00fcrece veya kullan\u0131c\u0131 silinmesini talep edene kadar saklar\u0131z.\n                        ya da\n            ama\u00e7lar\u0131n\u0131 yerine getirmek i\u00e7in ihtiya\u00e7 duydu\u011fumuz s\u00fcrece\n            bu belgede ayr\u0131nt\u0131l\u0131 olarak a\u00e7\u0131kland\u0131\u011f\u0131 \u00fczere\n            Gizlilik Politikas\u0131. Belli bir miktar paray\u0131 elimizde tutmam\u0131z gerekebilir.\n            gibi daha uzun s\u00fcreler i\u00e7in bilgi\n            uyar\u0131nca kay\u0131t tutma \/ raporlama\n            y\u00fcr\u00fcrl\u00fckteki yasalar veya di\u011fer me\u015fru nedenlerle\n            yasal haklar\u0131n uygulanmas\u0131, doland\u0131r\u0131c\u0131l\u0131k gibi\n            \u00f6nleme, vb. Art\u0131k anonim bilgiler\n            ve toplu bilgiler, bunlar\u0131n hi\u00e7biri\n            sizi (do\u011frudan veya dolayl\u0131 olarak) tan\u0131mlar, \u015funlar olabilir\n            s\u00fcresiz olarak saklan\u0131r.\n        <\/p>\n    <\/li>\n    \n    <li>\n        <h5 class=\"privacy-policy-h2\">\n            Haklar\u0131n\u0131z:\n        <\/h5>\n        <p class=\"privacy-policy-p\">\n            Uygulanan yasaya ba\u011fl\u0131 olarak, a\u015fa\u011f\u0131dakilere sahip olabilirsiniz\n            eri\u015fim ve d\u00fczeltme veya silme hakk\u0131\n            veya ki\u015fisel verilerinizin bir kopyas\u0131n\u0131 almak\n            veri, k\u0131s\u0131tlama veya nesneyi aktif\n            verilerinizin i\u015flenmesi, payla\u015fmam\u0131z\u0131 isteyin (port)\n            ki\u015fisel bilgilerinizi ba\u015fka bir kurulu\u015fa vermek,\n            bize verdi\u011finiz herhangi bir izni geri \u00e7ekmek i\u00e7in\n            verilerinizi i\u015fleme, \u015fikayette bulunma hakk\u0131\n            yasal bir otorite ve di\u011fer haklar ile\n            y\u00fcr\u00fcrl\u00fckteki yasalar kapsam\u0131nda ilgili olabilece\u011fi \u015fekilde. i\u00e7in\n            bu haklar\u0131n\u0131z\u0131 kullanmak i\u00e7in bize \u015fu adresten yazabilirsiniz\n            ceo@ruidapacking.com.\n            Size yan\u0131t verece\u011fiz\n            y\u00fcr\u00fcrl\u00fckteki yasalara uygun olarak talep edebilir.\n        <\/p>\n\n        \n        <p class=\"privacy-policy-p\">\n            \u015eunlar\u0131 toplamam\u0131za izin vermezseniz\n            veya gerekli ki\u015fisel bilgileri i\u015flemek veya\n            ayn\u0131 i\u015flem i\u00e7in verilen onay\u0131 geri \u00e7ekmek\n            gerekli ama\u00e7lar i\u00e7in, a\u015fa\u011f\u0131dakilere eri\u015femeyebilirsiniz\n            veya bilgilerinizin kullan\u0131ld\u0131\u011f\u0131 hizmetleri kullanmak\n            aran\u0131yordu.\n        <\/p>\n    <\/li>\n        <li>\n        <h5 class=\"privacy-policy-h2\">\n            \u00c7erezler:\n        <\/h5>\n        <p class=\"privacy-policy-p\">\n\n            \n            Web sitemiz, sizi web sitemizin di\u011fer kullan\u0131c\u0131lar\u0131ndan ay\u0131rt etmek ve web sitesini geli\u015ftirmemize yard\u0131mc\u0131 olmak i\u00e7in \u00e7erezleri ve benzer izleme teknolojilerini kullan\u0131r.<br>\n\n\u00c7erezler nedir? \u00c7erezler, bir web sitesini ziyaret etti\u011finizde cihaz\u0131n\u0131za indirilen ve az miktarda bilgi i\u00e7eren k\u00fc\u00e7\u00fck metin dosyalar\u0131d\u0131r.<br>\nKulland\u0131\u011f\u0131m\u0131z \u00c7erez T\u00fcrleri:<br>\nGerekli \u00c7erezler: Kullan\u0131c\u0131 giri\u015fi i\u015flevi gibi web sitesinin d\u00fczg\u00fcn \u00e7al\u0131\u015fmas\u0131n\u0131 sa\u011flamak i\u00e7in gereklidir.<br>\nAnalitik \u00c7erezler: Ziyaret\u00e7ilerin web sitesi ile nas\u0131l etkile\u015fime girdi\u011fini anlamam\u0131za yard\u0131mc\u0131 olur (\u00f6rne\u011fin, Google Analytics arac\u0131l\u0131\u011f\u0131yla), b\u00f6ylece web sitesi performans\u0131n\u0131 analiz edebilir ve geli\u015ftirebiliriz.<br>\n\u0130\u015flevsel \u00c7erezler: Daha ki\u015fiselle\u015ftirilmi\u015f bir deneyim sa\u011flamak i\u00e7in tercihlerinizi (dil veya b\u00f6lge gibi) hat\u0131rlamak i\u00e7in kullan\u0131l\u0131r.<br>\nSizin Se\u00e7imleriniz: \u00c7o\u011fu taray\u0131c\u0131 varsay\u0131lan olarak \u00e7erezleri kabul eder. Taray\u0131c\u0131 ayarlar\u0131n\u0131z\u0131 de\u011fi\u015ftirerek \u00e7erezleri reddedebilir veya silebilirsiniz. Ancak, \u00e7erezleri devre d\u0131\u015f\u0131 b\u0131rak\u0131rsan\u0131z, bunun web sitemizin kullan\u0131labilirli\u011fini ve i\u015flevselli\u011fini etkileyebilece\u011fini l\u00fctfen unutmay\u0131n.\n        <\/p>\n    <\/li>\n    \n    <li>\n        <h5 class=\"privacy-policy-h2\">\n            G\u00fcvenlik:\n        <\/h5>\n        <p class=\"privacy-policy-p\">\n            Bilgilerinizin g\u00fcvenli\u011fi a\u015fa\u011f\u0131dakiler i\u00e7in \u00f6nemlidir\n            ve makul g\u00fcvenlik \u00f6nlemlerini kullanaca\u011f\u0131z\n            kaybolmas\u0131n\u0131, k\u00f6t\u00fcye kullan\u0131lmas\u0131n\u0131 veya yetkisiz\n            kapsam\u0131nda bilgilerinizin de\u011fi\u015ftirilmesi\n            Kontrol. Ancak, do\u011fas\u0131nda var olan riskler g\u00f6z \u00f6n\u00fcne al\u0131nd\u0131\u011f\u0131nda\n            mutlak g\u00fcvenli\u011fi garanti edemez ve\n            Sonu\u00e7 olarak, a\u015fa\u011f\u0131dakileri garanti edemeyiz veya garanti edemeyiz\n            bize iletti\u011finiz t\u00fcm bilgilerin g\u00fcvenli\u011fi\n            ve bunu kendi sorumlulu\u011funuzda yapars\u0131n\u0131z.\n        <\/p>\n    <\/li>\n\n\t<li>\n        <h5 class=\"privacy-policy-h2\">\n            \u00c7ocuklar\u0131n Mahremiyeti:\n        <\/h5>\n        <p class=\"privacy-policy-p\">\n           Web sitemiz ve hizmetlerimiz 16 ya\u015f\u0131n alt\u0131ndaki \u00e7ocuklara y\u00f6nelik de\u011fildir. Bu ya\u015f\u0131n alt\u0131ndaki \u00e7ocuklardan bilerek bilgi toplam\u0131yor veya talep etmiyoruz.\n        <\/p>\n    <\/li>\n\n\n\n        <li>\n        <h5 class=\"privacy-policy-h2\">\n            \u00dc\u00e7\u00fcnc\u00fc Taraf Ba\u011flant\u0131lar\u0131 ve Bilgilerinizin Kullan\u0131m\u0131:\n        <\/h5>\n        <p class=\"privacy-policy-p\">\n            Hizmetimiz di\u011fer web sitelerine ba\u011flant\u0131lar i\u00e7erebilir\n            bizim taraf\u0131m\u0131zdan i\u015fletilmeyen. Bu Gizlilik Politikas\u0131\n            gizlilik politikas\u0131 ve di\u011fer konulara de\u011finmemektedir.\n            dahil olmak \u00fczere herhangi bir \u00fc\u00e7\u00fcnc\u00fc taraf\u0131n uygulamalar\u0131\n            herhangi bir web sitesini veya hizmeti i\u015fleten \u00fc\u00e7\u00fcnc\u00fc taraf\n            \u00fczerindeki bir ba\u011flant\u0131 arac\u0131l\u0131\u011f\u0131yla eri\u015filebilen\n            Hizmet. Bu belgeyi incelemenizi \u015fiddetle tavsiye ederiz.\n            ziyaret etti\u011finiz her sitenin gizlilik politikas\u0131. Bizde\n            \u00fczerinde hi\u00e7bir kontrol\u00fc yoktur ve hi\u00e7bir sorumluluk kabul etmez.\n            i\u00e7eri\u011fi, gizlilik politikalar\u0131 veya uygulamalar\u0131\n            herhangi bir \u00fc\u00e7\u00fcnc\u00fc taraf sitesi veya hizmeti.\n        <\/p>\n    <\/li>\n    \n    <li>\n        <h5 class=\"privacy-policy-h2\">\n            \u015eikayet \/ Veri Koruma G\u00f6revlisi:\n        <\/h5>\n        <p class=\"privacy-policy-p\">\n            Hakk\u0131nda herhangi bir sorunuz veya endi\u015feniz varsa\n            mevcut olan bilgilerinizin i\u015flenmesi\n            adresinden \u015eikayet Sorumlumuza e-posta g\u00f6nderebilirsiniz.\n            Guangzhou Ruida Paketleme Makineleri Ltd,\n            Bina D, No. 226, Beishan Qiaotou Caddesi, Haizhu B\u00f6lgesi, Guangzhou \u015eehri, Guangdong Eyaleti, \u00c7in,\n            e-posta: ceo@ruidapacking.com.\n            Endi\u015felerinizi y\u00fcr\u00fcrl\u00fckteki yasalara uygun olarak ele alaca\u011f\u0131z.\n        <\/p>\n    <\/li>\n<\/ol>\n<br><br><br><br><br>\n\n\n\t\t\t\t\t\t\t\t<\/div>\n\t\t\t\t<\/div>\n\t\t\t\t\t<\/div>\n\t\t\t\t<\/div>\n\t\t\t\t<\/div>","protected":false},"excerpt":{"rendered":"<p>Last Updated On 25-Sep-2025 Effective Date 25-Sep-2025 This Privacy Policy describes the policies of Guangzhou Ruida Packing Machinery Co., Ltd., Building D, No. 226, Beishan Qiaotou Street, Haizhu District, Guangzhou City, Guangdong Province, China, email: ceo@ruidapacking.com, phone: +86 15817128250 on the collection, use and disclosure of your information that we collect when you use our [&hellip;]<\/p>","protected":false},"author":4,"featured_media":0,"parent":0,"menu_order":0,"comment_status":"closed","ping_status":"closed","template":"","meta":{"_sitemap_exclude":false,"_sitemap_priority":"","_sitemap_frequency":"","footnotes":""},"class_list":["post-15034","page","type-page","status-publish","hentry"],"acf":[],"_links":{"self":[{"href":"https:\/\/ruidapacking.com\/tr\/wp-json\/wp\/v2\/pages\/15034","targetHints":{"allow":["GET"]}}],"collection":[{"href":"https:\/\/ruidapacking.com\/tr\/wp-json\/wp\/v2\/pages"}],"about":[{"href":"https:\/\/ruidapacking.com\/tr\/wp-json\/wp\/v2\/types\/page"}],"author":[{"embeddable":true,"href":"https:\/\/ruidapacking.com\/tr\/wp-json\/wp\/v2\/users\/4"}],"replies":[{"embeddable":true,"href":"https:\/\/ruidapacking.com\/tr\/wp-json\/wp\/v2\/comments?post=15034"}],"version-history":[{"count":0,"href":"https:\/\/ruidapacking.com\/tr\/wp-json\/wp\/v2\/pages\/15034\/revisions"}],"wp:attachment":[{"href":"https:\/\/ruidapacking.com\/tr\/wp-json\/wp\/v2\/media?parent=15034"}],"curies":[{"name":"wp","href":"https:\/\/api.w.org\/{rel}","templated":true}]}}