{"id":9203,"date":"2024-04-26T22:38:31","date_gmt":"2024-04-26T14:38:31","guid":{"rendered":"https:\/\/ruidapacking.com\/?post_type=product&#038;p=9203"},"modified":"2024-12-06T14:58:32","modified_gmt":"2024-12-06T06:58:32","slug":"medicine-tablet-making-machine","status":"publish","type":"product","link":"https:\/\/ruidapacking.com\/pt\/product\/medicine-tablet-making-machine\/","title":{"rendered":"M\u00e1quina para fazer comprimidos de medicamentos"},"content":{"rendered":"","protected":false},"excerpt":{"rendered":"<p>A m\u00e1quina para fabrica\u00e7\u00e3o de comprimidos medicinais \u00e9 usada para comprimir ingredientes em p\u00f3 em comprimidos. Encha o alimentador com p\u00f3 ou gr\u00e2nulos e comprima o p\u00f3 formando o comprimido.<\/p>","protected":false},"featured_media":12786,"template":"","meta":{"_sitemap_exclude":false,"_sitemap_priority":"","_sitemap_frequency":""},"product_categories":[40],"class_list":["post-9203","product","type-product","status-publish","has-post-thumbnail","hentry","product_categories-all-tablet-press-machine"],"acf":[],"_links":{"self":[{"href":"https:\/\/ruidapacking.com\/pt\/wp-json\/wp\/v2\/product\/9203","targetHints":{"allow":["GET"]}}],"collection":[{"href":"https:\/\/ruidapacking.com\/pt\/wp-json\/wp\/v2\/product"}],"about":[{"href":"https:\/\/ruidapacking.com\/pt\/wp-json\/wp\/v2\/types\/product"}],"wp:featuredmedia":[{"embeddable":true,"href":"https:\/\/ruidapacking.com\/pt\/wp-json\/wp\/v2\/media\/12786"}],"wp:attachment":[{"href":"https:\/\/ruidapacking.com\/pt\/wp-json\/wp\/v2\/media?parent=9203"}],"wp:term":[{"taxonomy":"product_categories","embeddable":true,"href":"https:\/\/ruidapacking.com\/pt\/wp-json\/wp\/v2\/product_categories?post=9203"}],"curies":[{"name":"wp","href":"https:\/\/api.w.org\/{rel}","templated":true}]}}