{"id":9200,"date":"2024-04-26T22:19:57","date_gmt":"2024-04-26T14:19:57","guid":{"rendered":"https:\/\/ruidapacking.com\/?post_type=product&#038;p=9200"},"modified":"2024-11-26T10:42:57","modified_gmt":"2024-11-26T02:42:57","slug":"tablet-and-capsule-counting-filling-machine","status":"publish","type":"product","link":"https:\/\/ruidapacking.com\/pt\/product\/tablet-and-capsule-counting-filling-machine\/","title":{"rendered":"M\u00e1quina de contagem e enchimento de comprimidos e c\u00e1psulas"},"content":{"rendered":"","protected":false},"excerpt":{"rendered":"<p>A m\u00e1quina de contagem e enchimento de comprimidos e c\u00e1psulas envolve v\u00e1rias etapas precisas projetadas para garantir uma contagem precisa e um enchimento eficiente em recipientes.<\/p>","protected":false},"featured_media":12713,"template":"","meta":{"_sitemap_exclude":false,"_sitemap_priority":"","_sitemap_frequency":""},"product_categories":[14],"class_list":["post-9200","product","type-product","status-publish","has-post-thumbnail","hentry","product_categories-automatic-counting-machine"],"acf":[],"_links":{"self":[{"href":"https:\/\/ruidapacking.com\/pt\/wp-json\/wp\/v2\/product\/9200","targetHints":{"allow":["GET"]}}],"collection":[{"href":"https:\/\/ruidapacking.com\/pt\/wp-json\/wp\/v2\/product"}],"about":[{"href":"https:\/\/ruidapacking.com\/pt\/wp-json\/wp\/v2\/types\/product"}],"wp:featuredmedia":[{"embeddable":true,"href":"https:\/\/ruidapacking.com\/pt\/wp-json\/wp\/v2\/media\/12713"}],"wp:attachment":[{"href":"https:\/\/ruidapacking.com\/pt\/wp-json\/wp\/v2\/media?parent=9200"}],"wp:term":[{"taxonomy":"product_categories","embeddable":true,"href":"https:\/\/ruidapacking.com\/pt\/wp-json\/wp\/v2\/product_categories?post=9200"}],"curies":[{"name":"wp","href":"https:\/\/api.w.org\/{rel}","templated":true}]}}