{"id":8885,"date":"2024-03-22T20:31:26","date_gmt":"2024-03-22T12:31:26","guid":{"rendered":"https:\/\/ruidapacking.com\/?post_type=product&#038;p=8885"},"modified":"2025-03-20T16:53:28","modified_gmt":"2025-03-20T08:53:28","slug":"filling-machine-pharmaceutical-capsule","status":"publish","type":"product","link":"https:\/\/ruidapacking.com\/pt\/product\/filling-machine-pharmaceutical-capsule\/","title":{"rendered":"M\u00e1quina de enchimento de c\u00e1psulas farmac\u00eauticas"},"content":{"rendered":"","protected":false},"excerpt":{"rendered":"<p>A m\u00e1quina de enchimento de c\u00e1psulas farmac\u00eauticas pode encher pellets de p\u00f3 em c\u00e1psulas r\u00edgidas, adequada para c\u00e1psulas #000-5, a produ\u00e7\u00e3o m\u00e1xima \u00e9 de 48.000 unidades\/h, atendendo \u00e0s cGMP.<\/p>","protected":false},"featured_media":10821,"template":"","meta":{"_sitemap_exclude":false,"_sitemap_priority":"","_sitemap_frequency":""},"product_categories":[37],"class_list":["post-8885","product","type-product","status-publish","has-post-thumbnail","hentry","product_categories-all-automatic-capsule-filling-machine"],"acf":[],"_links":{"self":[{"href":"https:\/\/ruidapacking.com\/pt\/wp-json\/wp\/v2\/product\/8885","targetHints":{"allow":["GET"]}}],"collection":[{"href":"https:\/\/ruidapacking.com\/pt\/wp-json\/wp\/v2\/product"}],"about":[{"href":"https:\/\/ruidapacking.com\/pt\/wp-json\/wp\/v2\/types\/product"}],"wp:featuredmedia":[{"embeddable":true,"href":"https:\/\/ruidapacking.com\/pt\/wp-json\/wp\/v2\/media\/10821"}],"wp:attachment":[{"href":"https:\/\/ruidapacking.com\/pt\/wp-json\/wp\/v2\/media?parent=8885"}],"wp:term":[{"taxonomy":"product_categories","embeddable":true,"href":"https:\/\/ruidapacking.com\/pt\/wp-json\/wp\/v2\/product_categories?post=8885"}],"curies":[{"name":"wp","href":"https:\/\/api.w.org\/{rel}","templated":true}]}}