{"id":8856,"date":"2024-03-15T14:36:13","date_gmt":"2024-03-15T06:36:13","guid":{"rendered":"https:\/\/ruidapacking.com\/?post_type=product&#038;p=8856"},"modified":"2026-01-27T15:08:08","modified_gmt":"2026-01-27T07:08:08","slug":"blister-packing-machine-manufacturer","status":"publish","type":"product","link":"https:\/\/ruidapacking.com\/pt\/product\/blister-packing-machine-manufacturer\/","title":{"rendered":"Fabricante de M\u00e1quinas de Embalagem a V\u00e1cuo"},"content":{"rendered":"","protected":false},"excerpt":{"rendered":"<p>Fabricantes de m\u00e1quinas de embalagem a v\u00e1cuo oferecem v\u00e1rios tipos de m\u00e1quinas que aumentam a produ\u00e7\u00e3o enquanto reduzem os custos de m\u00e3o de obra e o desperd\u00edcio de material.<\/p>","protected":false},"featured_media":14532,"template":"","meta":{"_sitemap_exclude":false,"_sitemap_priority":"","_sitemap_frequency":""},"product_categories":[71],"class_list":["post-8856","product","type-product","status-publish","has-post-thumbnail","hentry","product_categories-blister-card-packing-machine"],"acf":[],"_links":{"self":[{"href":"https:\/\/ruidapacking.com\/pt\/wp-json\/wp\/v2\/product\/8856","targetHints":{"allow":["GET"]}}],"collection":[{"href":"https:\/\/ruidapacking.com\/pt\/wp-json\/wp\/v2\/product"}],"about":[{"href":"https:\/\/ruidapacking.com\/pt\/wp-json\/wp\/v2\/types\/product"}],"wp:featuredmedia":[{"embeddable":true,"href":"https:\/\/ruidapacking.com\/pt\/wp-json\/wp\/v2\/media\/14532"}],"wp:attachment":[{"href":"https:\/\/ruidapacking.com\/pt\/wp-json\/wp\/v2\/media?parent=8856"}],"wp:term":[{"taxonomy":"product_categories","embeddable":true,"href":"https:\/\/ruidapacking.com\/pt\/wp-json\/wp\/v2\/product_categories?post=8856"}],"curies":[{"name":"wp","href":"https:\/\/api.w.org\/{rel}","templated":true}]}}