{"id":8818,"date":"2024-03-01T16:52:29","date_gmt":"2024-03-01T08:52:29","guid":{"rendered":"https:\/\/ruidapacking.com\/?post_type=product&#038;p=8818"},"modified":"2024-03-01T16:52:30","modified_gmt":"2024-03-01T08:52:30","slug":"automatic-capsule-filling-machine-manufacturers","status":"publish","type":"product","link":"https:\/\/ruidapacking.com\/pt\/product\/automatic-capsule-filling-machine-manufacturers\/","title":{"rendered":"Fabricantes de m\u00e1quinas autom\u00e1ticas de enchimento de c\u00e1psulas"},"content":{"rendered":"","protected":false},"excerpt":{"rendered":"","protected":false},"featured_media":8820,"template":"","meta":{"_sitemap_exclude":false,"_sitemap_priority":"","_sitemap_frequency":""},"product_categories":[37],"class_list":["post-8818","product","type-product","status-publish","has-post-thumbnail","hentry","product_categories-all-automatic-capsule-filling-machine"],"acf":[],"_links":{"self":[{"href":"https:\/\/ruidapacking.com\/pt\/wp-json\/wp\/v2\/product\/8818","targetHints":{"allow":["GET"]}}],"collection":[{"href":"https:\/\/ruidapacking.com\/pt\/wp-json\/wp\/v2\/product"}],"about":[{"href":"https:\/\/ruidapacking.com\/pt\/wp-json\/wp\/v2\/types\/product"}],"wp:featuredmedia":[{"embeddable":true,"href":"https:\/\/ruidapacking.com\/pt\/wp-json\/wp\/v2\/media\/8820"}],"wp:attachment":[{"href":"https:\/\/ruidapacking.com\/pt\/wp-json\/wp\/v2\/media?parent=8818"}],"wp:term":[{"taxonomy":"product_categories","embeddable":true,"href":"https:\/\/ruidapacking.com\/pt\/wp-json\/wp\/v2\/product_categories?post=8818"}],"curies":[{"name":"wp","href":"https:\/\/api.w.org\/{rel}","templated":true}]}}