{"id":8759,"date":"2024-02-21T16:15:16","date_gmt":"2024-02-21T08:15:16","guid":{"rendered":"https:\/\/ruidapacking.com\/?post_type=product&#038;p=8759"},"modified":"2026-01-22T20:10:17","modified_gmt":"2026-01-22T12:10:17","slug":"pharmaceutical-machinery-tablet-press-machine-automatic","status":"publish","type":"product","link":"https:\/\/ruidapacking.com\/pt\/product\/pharmaceutical-machinery-tablet-press-machine-automatic\/","title":{"rendered":"M\u00e1quina de prensagem de comprimidos autom\u00e1tica para m\u00e1quinas farmac\u00eauticas"},"content":{"rendered":"","protected":false},"excerpt":{"rendered":"<p>Vantagem autom\u00e1tica da m\u00e1quina de prensagem de comprimidos de m\u00e1quinas farmac\u00eauticas: a primeira \u00e9 a rejei\u00e7\u00e3o de res\u00edduos e a segunda \u00e9 a qualidade uniforme dos comprimidos prensados.<\/p>","protected":false},"featured_media":13271,"template":"","meta":{"_sitemap_exclude":false,"_sitemap_priority":"","_sitemap_frequency":""},"product_categories":[40],"class_list":["post-8759","product","type-product","status-publish","has-post-thumbnail","hentry","product_categories-all-tablet-press-machine"],"acf":[],"_links":{"self":[{"href":"https:\/\/ruidapacking.com\/pt\/wp-json\/wp\/v2\/product\/8759","targetHints":{"allow":["GET"]}}],"collection":[{"href":"https:\/\/ruidapacking.com\/pt\/wp-json\/wp\/v2\/product"}],"about":[{"href":"https:\/\/ruidapacking.com\/pt\/wp-json\/wp\/v2\/types\/product"}],"wp:featuredmedia":[{"embeddable":true,"href":"https:\/\/ruidapacking.com\/pt\/wp-json\/wp\/v2\/media\/13271"}],"wp:attachment":[{"href":"https:\/\/ruidapacking.com\/pt\/wp-json\/wp\/v2\/media?parent=8759"}],"wp:term":[{"taxonomy":"product_categories","embeddable":true,"href":"https:\/\/ruidapacking.com\/pt\/wp-json\/wp\/v2\/product_categories?post=8759"}],"curies":[{"name":"wp","href":"https:\/\/api.w.org\/{rel}","templated":true}]}}