{"id":8657,"date":"2023-11-24T17:37:38","date_gmt":"2023-11-24T09:37:38","guid":{"rendered":"https:\/\/ruidapacking.com\/?post_type=product&#038;p=8657"},"modified":"2023-11-24T17:37:39","modified_gmt":"2023-11-24T09:37:39","slug":"blistering-machine-in-pharmaceutical-industry","status":"publish","type":"product","link":"https:\/\/ruidapacking.com\/pt\/product\/blistering-machine-in-pharmaceutical-industry\/","title":{"rendered":"M\u00e1quina de forma\u00e7\u00e3o de bolhas na ind\u00fastria farmac\u00eautica"},"content":{"rendered":"","protected":false},"excerpt":{"rendered":"","protected":false},"featured_media":8520,"template":"","meta":{"_sitemap_exclude":false,"_sitemap_priority":"","_sitemap_frequency":""},"product_categories":[41],"class_list":["post-8657","product","type-product","status-publish","has-post-thumbnail","hentry","product_categories-all-blister-packing-machine"],"acf":[],"_links":{"self":[{"href":"https:\/\/ruidapacking.com\/pt\/wp-json\/wp\/v2\/product\/8657","targetHints":{"allow":["GET"]}}],"collection":[{"href":"https:\/\/ruidapacking.com\/pt\/wp-json\/wp\/v2\/product"}],"about":[{"href":"https:\/\/ruidapacking.com\/pt\/wp-json\/wp\/v2\/types\/product"}],"wp:featuredmedia":[{"embeddable":true,"href":"https:\/\/ruidapacking.com\/pt\/wp-json\/wp\/v2\/media\/8520"}],"wp:attachment":[{"href":"https:\/\/ruidapacking.com\/pt\/wp-json\/wp\/v2\/media?parent=8657"}],"wp:term":[{"taxonomy":"product_categories","embeddable":true,"href":"https:\/\/ruidapacking.com\/pt\/wp-json\/wp\/v2\/product_categories?post=8657"}],"curies":[{"name":"wp","href":"https:\/\/api.w.org\/{rel}","templated":true}]}}