{"id":8551,"date":"2023-10-30T09:59:17","date_gmt":"2023-10-30T01:59:17","guid":{"rendered":"https:\/\/ruidapacking.com\/?post_type=product&#038;p=8551"},"modified":"2026-01-22T19:32:37","modified_gmt":"2026-01-22T11:32:37","slug":"high-speed-compression-machine-for-tablets","status":"publish","type":"product","link":"https:\/\/ruidapacking.com\/pt\/product\/high-speed-compression-machine-for-tablets\/","title":{"rendered":"M\u00e1quina de compress\u00e3o de alta velocidade para comprimidos"},"content":{"rendered":"","protected":false},"excerpt":{"rendered":"<p>A m\u00e1quina de compress\u00e3o de alta velocidade para comprimidos \u00e9 essencial para as ind\u00fastrias que exigem uma produ\u00e7\u00e3o de comprimidos de alta qualidade, uniforme e precisa.<\/p>","protected":false},"featured_media":12724,"template":"","meta":{"_sitemap_exclude":false,"_sitemap_priority":"","_sitemap_frequency":""},"product_categories":[40],"class_list":["post-8551","product","type-product","status-publish","has-post-thumbnail","hentry","product_categories-all-tablet-press-machine"],"acf":[],"_links":{"self":[{"href":"https:\/\/ruidapacking.com\/pt\/wp-json\/wp\/v2\/product\/8551","targetHints":{"allow":["GET"]}}],"collection":[{"href":"https:\/\/ruidapacking.com\/pt\/wp-json\/wp\/v2\/product"}],"about":[{"href":"https:\/\/ruidapacking.com\/pt\/wp-json\/wp\/v2\/types\/product"}],"wp:featuredmedia":[{"embeddable":true,"href":"https:\/\/ruidapacking.com\/pt\/wp-json\/wp\/v2\/media\/12724"}],"wp:attachment":[{"href":"https:\/\/ruidapacking.com\/pt\/wp-json\/wp\/v2\/media?parent=8551"}],"wp:term":[{"taxonomy":"product_categories","embeddable":true,"href":"https:\/\/ruidapacking.com\/pt\/wp-json\/wp\/v2\/product_categories?post=8551"}],"curies":[{"name":"wp","href":"https:\/\/api.w.org\/{rel}","templated":true}]}}