{"id":8324,"date":"2023-10-11T15:14:51","date_gmt":"2023-10-11T07:14:51","guid":{"rendered":"https:\/\/ruidapacking.com\/?post_type=product&#038;p=8324"},"modified":"2024-11-27T19:37:08","modified_gmt":"2024-11-27T11:37:08","slug":"encapsuladora-capsule-filling-machine","status":"publish","type":"product","link":"https:\/\/ruidapacking.com\/pt\/product\/encapsuladora-capsule-filling-machine\/","title":{"rendered":"M\u00e1quina de enchimento de c\u00e1psulas Encapsuladora"},"content":{"rendered":"","protected":false},"excerpt":{"rendered":"<p>A m\u00e1quina de enchimento de c\u00e1psulas encapsuladora \u00e9 projetada para encher c\u00e1psulas de gelatina dura ou HPMC com p\u00f3s, gr\u00e2nulos, pellets ou l\u00edquidos.<\/p>","protected":false},"featured_media":12723,"template":"","meta":{"_sitemap_exclude":false,"_sitemap_priority":"","_sitemap_frequency":""},"product_categories":[37],"class_list":["post-8324","product","type-product","status-publish","has-post-thumbnail","hentry","product_categories-all-automatic-capsule-filling-machine"],"acf":[],"_links":{"self":[{"href":"https:\/\/ruidapacking.com\/pt\/wp-json\/wp\/v2\/product\/8324","targetHints":{"allow":["GET"]}}],"collection":[{"href":"https:\/\/ruidapacking.com\/pt\/wp-json\/wp\/v2\/product"}],"about":[{"href":"https:\/\/ruidapacking.com\/pt\/wp-json\/wp\/v2\/types\/product"}],"wp:featuredmedia":[{"embeddable":true,"href":"https:\/\/ruidapacking.com\/pt\/wp-json\/wp\/v2\/media\/12723"}],"wp:attachment":[{"href":"https:\/\/ruidapacking.com\/pt\/wp-json\/wp\/v2\/media?parent=8324"}],"wp:term":[{"taxonomy":"product_categories","embeddable":true,"href":"https:\/\/ruidapacking.com\/pt\/wp-json\/wp\/v2\/product_categories?post=8324"}],"curies":[{"name":"wp","href":"https:\/\/api.w.org\/{rel}","templated":true}]}}