{"id":8076,"date":"2023-08-24T20:29:41","date_gmt":"2023-08-24T12:29:41","guid":{"rendered":"https:\/\/ruidapacking.com\/?post_type=product&#038;p=8076"},"modified":"2026-01-22T18:03:43","modified_gmt":"2026-01-22T10:03:43","slug":"automatic-bottling-candy-counting-machine","status":"publish","type":"product","link":"https:\/\/ruidapacking.com\/pt\/product\/automatic-bottling-candy-counting-machine\/","title":{"rendered":"M\u00e1quina autom\u00e1tica de contagem de doces para engarrafamento"},"content":{"rendered":"","protected":false},"excerpt":{"rendered":"<p>A m\u00e1quina autom\u00e1tica de contagem de doces para engarrafamento, com suas capacidades de contagem eficientes e precisas, \u00e9 amplamente utilizada em arquivos de produtos farmac\u00eauticos, aliment\u00edcios e de sa\u00fade.<\/p>","protected":false},"featured_media":14227,"template":"","meta":{"_sitemap_exclude":false,"_sitemap_priority":"","_sitemap_frequency":""},"product_categories":[62],"class_list":["post-8076","product","type-product","status-publish","has-post-thumbnail","hentry","product_categories-premade-pouch-packing-machine"],"acf":[],"_links":{"self":[{"href":"https:\/\/ruidapacking.com\/pt\/wp-json\/wp\/v2\/product\/8076","targetHints":{"allow":["GET"]}}],"collection":[{"href":"https:\/\/ruidapacking.com\/pt\/wp-json\/wp\/v2\/product"}],"about":[{"href":"https:\/\/ruidapacking.com\/pt\/wp-json\/wp\/v2\/types\/product"}],"wp:featuredmedia":[{"embeddable":true,"href":"https:\/\/ruidapacking.com\/pt\/wp-json\/wp\/v2\/media\/14227"}],"wp:attachment":[{"href":"https:\/\/ruidapacking.com\/pt\/wp-json\/wp\/v2\/media?parent=8076"}],"wp:term":[{"taxonomy":"product_categories","embeddable":true,"href":"https:\/\/ruidapacking.com\/pt\/wp-json\/wp\/v2\/product_categories?post=8076"}],"curies":[{"name":"wp","href":"https:\/\/api.w.org\/{rel}","templated":true}]}}