{"id":15034,"date":"2025-09-25T23:26:45","date_gmt":"2025-09-25T15:26:45","guid":{"rendered":"https:\/\/ruidapacking.com\/?page_id=15034"},"modified":"2025-09-26T10:31:57","modified_gmt":"2025-09-26T02:31:57","slug":"privacy-policy","status":"publish","type":"page","link":"https:\/\/ruidapacking.com\/pt\/privacy-policy\/","title":{"rendered":"pol\u00edtica de Privacidade"},"content":{"rendered":"<div data-elementor-type=\"wp-page\" data-elementor-id=\"15034\" class=\"elementor elementor-15034\" data-elementor-post-type=\"page\">\n\t\t\t\t<div class=\"elementor-element elementor-element-79a1883d e-flex e-con-boxed e-con e-parent\" data-id=\"79a1883d\" data-element_type=\"container\" data-e-type=\"container\">\n\t\t\t\t\t<div class=\"e-con-inner\">\n\t\t\t\t<div class=\"elementor-element elementor-element-307258e6 elementor-widget elementor-widget-text-editor\" data-id=\"307258e6\" data-element_type=\"widget\" data-e-type=\"widget\" data-widget_type=\"text-editor.default\">\n\t\t\t\t<div class=\"elementor-widget-container\">\n\t\t\t\t\t\t\t\t\t<h4 class=\"privacy-policy-h1\">\n<br><span>\u00daltima atualiza\u00e7\u00e3o em 25-Sep-2025<\/span>\n<br><span>Data de vig\u00eancia 25-Sep-2025<\/span>\n<\/h4>\n\n<p class=\"privacy-policy-p\">\n    Esta Pol\u00edtica de Privacidade descreve as pol\u00edticas de\n\n    Guangzhou Ruida Packing Machinery Co., Ltd,\n    Building D, No. 226, Beishan Qiaotou Street, Haizhu District, Guangzhou City, Guangdong Province, China,\n    \n    e-mail: ceo@ruidapacking.com,\n    telefone: +86 15817128250\n\n    sobre a recolha,\n    utiliza\u00e7\u00e3o e divulga\u00e7\u00e3o das suas informa\u00e7\u00f5es que recolhemos\n    quando utiliza o nosso s\u00edtio Web ( https:\/\/ruidapacking.com ).\n    (o \u201cServi\u00e7o\u201d). Ao aceder ou utilizar\n    o\n    Servi\u00e7o, est\u00e1 a consentir a recolha, utiliza\u00e7\u00e3o e\n    e divulga\u00e7\u00e3o das suas informa\u00e7\u00f5es de acordo com esta\n    Pol\u00edtica de Privacidade. Se o utilizador n\u00e3o concordar com o mesmo,\n    n\u00e3o aceda nem utilize o Servi\u00e7o.\n<\/p>\n\n<p class=\"privacy-policy-p\">\n    Podemos modificar esta Pol\u00edtica de Privacidade em qualquer altura sem\n    qualquer aviso pr\u00e9vio ao utilizador e publicaremos a\n    Pol\u00edtica de Privacidade revista no Servi\u00e7o. A Pol\u00edtica revista\n    entrar\u00e1 em vigor 180 dias a partir da data em que a\n    Pol\u00edtica revista for publicada no Servi\u00e7o e o seu\n    acesso ou utiliza\u00e7\u00e3o continuada do Servi\u00e7o ap\u00f3s esse per\u00edodo\n    constituir\u00e1 a sua aceita\u00e7\u00e3o da Pol\u00edtica de Privacidade revista.\n    Pol\u00edtica de Privacidade revista. Por conseguinte, recomendamos que o utilizador\n    reveja periodicamente esta p\u00e1gina.\n<\/p>\n\n<ol class=\"privacy-policy-ol\">\n        <li>\n        <h5 class=\"privacy-policy-h2\">\n            Informa\u00e7\u00f5es que recolhemos:\n        <\/h5>\n\n        \n        <p class=\"privacy-policy-p\">\n            Recolhemos e processamos as seguintes informa\u00e7\u00f5es\n            informa\u00e7\u00f5es pessoais sobre o utilizador:\n        <\/p>\n        <ol class=\"privacy-policy-ol\">\n\n                        <li>Nome<\/li>\n            \n                        <li>Correio eletr\u00f3nico<\/li>\n            \n                        <li>M\u00f3vel<\/li>\n            \n            \n            \n            \n            \n                        \n                                    <li>posi\u00e7\u00e3o<\/li>\n                                                <li>nome da empresa<\/li>\n                                                <li>pa\u00eds\/regi\u00e3o.<\/li>\n                        \n        <\/ol>\n        \n\n        \n\n    <\/li>\n\n    \n    \n\n        <li>\n        <h5 class=\"privacy-policy-h2\">\n            Como utilizamos as suas informa\u00e7\u00f5es:\n        <\/h5>\n        <p class=\"privacy-policy-p\">\n            Utilizaremos as informa\u00e7\u00f5es que recolhemos\n            sobre o utilizador para os seguintes fins:\n        <\/p>\n        <ol class=\"privacy-policy-ol\">\n\n                        <li>Marketing\/Promocional<\/li>\n            \n            \n                        <li>Testemunhos<\/li>\n            \n            \n            \n            \n                        <li>Apoio<\/li>\n            \n            \n                        <li>Publicidade direcionada<\/li>\n            \n            \n            \n            \n            \n            \n        <\/ol>\n        <p class=\"privacy-policy-p\">\n            Se pretendermos utilizar as suas informa\u00e7\u00f5es para qualquer outro\n            para qualquer outro fim, pedir-lhe-emos o seu consentimento e\n            utilizaremos as suas informa\u00e7\u00f5es apenas ap\u00f3s recebermos o seu\n            consentimento e, nesse caso, apenas para o(s) objetivo(s)\n            que nos derem consentimento, exceto se formos obrigados a fazer\n            de outra forma por lei.\n        <\/p>\n    <\/li>\n    \n    \n    <li>\n        <h5 class=\"privacy-policy-h2\">\n            Como partilhamos as suas informa\u00e7\u00f5es:\n        <\/h5>\n\n\n                <p class=\"privacy-policy-p\">\n            N\u00e3o transferiremos as suas informa\u00e7\u00f5es pessoais\n            a terceiros sem o seu consentimento,\n            exceto em circunst\u00e2ncias limitadas, conforme descrito\n            abaixo:\n        <\/p>\n        <ol class=\"privacy-policy-ol\">\n                        <li>Servi\u00e7o de an\u00fancios<\/li>\n            \n            \n            \n            \n                        <li>Anal\u00edtica<\/li>\n            \n            \n                    <\/ol>\n        \n        <p class=\"privacy-policy-p\">\n            Exigimos que esses terceiros utilizem as\n            informa\u00e7\u00f5es pessoais que lhes transferimos apenas\n            para o objetivo para o qual foram transferidas e\n            n\u00e3o as conservem por mais tempo do que o necess\u00e1rio para\n            cumprir o referido objetivo.\n        <\/p>\n        <p class=\"privacy-policy-p\">\n            Tamb\u00e9m podemos divulgar as suas informa\u00e7\u00f5es pessoais\n            para os seguintes fins: (1) para cumprir com a\n            lei, regulamento, ordem judicial ou outro processo legal\n            processo legal; (2) para fazer cumprir os seus acordos connosco,\n            incluindo esta Pol\u00edtica de Privacidade; ou (3) para responder a\n            a reclama\u00e7\u00f5es de que a sua utiliza\u00e7\u00e3o do Servi\u00e7o viola\n            quaisquer direitos de terceiros. Se o Servi\u00e7o ou a nossa\n            empresa for fundida ou adquirida com outra\n            empresa, as suas informa\u00e7\u00f5es ser\u00e3o um dos activos\n            activos que s\u00e3o transferidos para o novo propriet\u00e1rio.\n        <\/p>\n    <\/li>\n    \n\n        <li>\n        <h5 class=\"privacy-policy-h2\">\n            Reten\u00e7\u00e3o das informa\u00e7\u00f5es do utilizador:\n        <\/h5>\n        <p class=\"privacy-policy-p\">\n            Conservaremos as suas informa\u00e7\u00f5es pessoais connosco\n            para\n                        Conservamos os dados pessoais recolhidos durante o tempo necess\u00e1rio para prestar os nossos servi\u00e7os e responder a pedidos de informa\u00e7\u00e3o, ou at\u00e9 o utilizador solicitar a sua elimina\u00e7\u00e3o.\n                        ou durante o\n            enquanto precisarmos deles para cumprir os objectivos para os quais foram recolhidos\n            para os quais foram recolhidos, conforme descrito nesta\n            Pol\u00edtica de Privacidade. Poderemos ter de reter determinadas\n            informa\u00e7\u00f5es por per\u00edodos mais longos, tais como\n            manuten\u00e7\u00e3o de registos\/relat\u00f3rios de acordo com\n            a legisla\u00e7\u00e3o aplic\u00e1vel ou por outras raz\u00f5es leg\u00edtimas\n            como a aplica\u00e7\u00e3o de direitos legais, preven\u00e7\u00e3o de fraudes\n            preven\u00e7\u00e3o de fraudes, etc. Informa\u00e7\u00f5es an\u00f3nimas residuais\n            e informa\u00e7\u00f5es agregadas, nenhuma das quais\n            identificam o utilizador (direta ou indiretamente), podem ser\n            armazenadas indefinidamente.\n        <\/p>\n    <\/li>\n    \n    <li>\n        <h5 class=\"privacy-policy-h2\">\n            Os seus direitos:\n        <\/h5>\n        <p class=\"privacy-policy-p\">\n            Dependendo da legisla\u00e7\u00e3o aplic\u00e1vel, o utilizador pode ter\n            o direito de aceder e retificar ou apagar os seus\n            dados pessoais ou receber uma c\u00f3pia dos seus\n            pessoais, restringir ou opor-se ao tratamento ativo\n            processamento ativo dos seus dados, pedir-nos para partilhar (portar)\n            as suas informa\u00e7\u00f5es pessoais a outra entidade,\n            retirar qualquer consentimento que nos tenha dado para\n            processar os seus dados, o direito de apresentar uma queixa\n            a uma autoridade estatut\u00e1ria e outros direitos\n            que possam ser relevantes ao abrigo da legisla\u00e7\u00e3o aplic\u00e1vel. Para\n            exercer estes direitos, pode escrever-nos para\n            ceo@ruidapacking.com.\n            Responderemos ao seu\n            pedido em conformidade com a legisla\u00e7\u00e3o aplic\u00e1vel.\n        <\/p>\n\n        \n        <p class=\"privacy-policy-p\">\n            Tenha em aten\u00e7\u00e3o que se n\u00e3o nos autorizar a recolher\n            ou processar as informa\u00e7\u00f5es pessoais necess\u00e1rias ou\n            retirar o consentimento para o tratamento das mesmas para os\n            para os fins requeridos, poder\u00e1 n\u00e3o conseguir aceder\n            ou utilizar os servi\u00e7os para os quais as suas informa\u00e7\u00f5es\n            foram solicitadas.\n        <\/p>\n    <\/li>\n        <li>\n        <h5 class=\"privacy-policy-h2\">\n            Cookies:\n        <\/h5>\n        <p class=\"privacy-policy-p\">\n\n            \n            O nosso s\u00edtio Web utiliza cookies e tecnologias de rastreio semelhantes para o distinguir de outros utilizadores do nosso s\u00edtio Web e para nos ajudar a melhorar o s\u00edtio Web.<br>\n\nO que s\u00e3o cookies: Os cookies s\u00e3o pequenos ficheiros de texto que cont\u00eam uma pequena quantidade de informa\u00e7\u00e3o que \u00e9 descarregada para o seu dispositivo quando visita um s\u00edtio Web.<br>\nTipos de cookies que utilizamos:<br>\nCookies necess\u00e1rios: Necess\u00e1rios para garantir o bom funcionamento do site, como a funcionalidade de login do utilizador.<br>\nCookies anal\u00edticos: Ajudam-nos a compreender como os visitantes interagem com o s\u00edtio Web (por exemplo, atrav\u00e9s do Google Analytics) para que possamos analisar e melhorar o desempenho do s\u00edtio Web.<br>\nCookies funcionais: Utilizados para recordar as prefer\u00eancias do utilizador (como o idioma ou a regi\u00e3o) para proporcionar uma experi\u00eancia mais personalizada.<br>\nAs suas escolhas: A maioria dos browsers aceita cookies por defeito. Pode recusar ou eliminar cookies modificando as defini\u00e7\u00f5es do seu browser. No entanto, tenha em aten\u00e7\u00e3o que, se desativar os cookies, isso poder\u00e1 afetar a disponibilidade e a funcionalidade do nosso s\u00edtio Web.\n        <\/p>\n    <\/li>\n    \n    <li>\n        <h5 class=\"privacy-policy-h2\">\n            Seguran\u00e7a:\n        <\/h5>\n        <p class=\"privacy-policy-p\">\n            A seguran\u00e7a das suas informa\u00e7\u00f5es \u00e9 importante para\n            para n\u00f3s e utilizaremos medidas de seguran\u00e7a razo\u00e1veis\n            para evitar a perda, utiliza\u00e7\u00e3o incorrecta ou altera\u00e7\u00e3o n\u00e3o autorizada\n            altera\u00e7\u00e3o n\u00e3o autorizada das suas informa\u00e7\u00f5es sob o nosso\n            controlo. No entanto, tendo em conta os riscos inerentes, n\u00e3o podemos\n            n\u00e3o podemos garantir seguran\u00e7a absoluta e\n            e, consequentemente, n\u00e3o podemos assegurar ou garantir a\n            seguran\u00e7a de qualquer informa\u00e7\u00e3o que nos transmita\n            e f\u00e1-lo-\u00e1 por sua pr\u00f3pria conta e risco.\n        <\/p>\n    <\/li>\n\n\t<li>\n        <h5 class=\"privacy-policy-h2\">\n            Privacidade das crian\u00e7as:\n        <\/h5>\n        <p class=\"privacy-policy-p\">\n           O nosso s\u00edtio Web e os nossos servi\u00e7os n\u00e3o s\u00e3o dirigidos a crian\u00e7as com idade inferior a 16 anos. N\u00e3o recolhemos nem solicitamos intencionalmente informa\u00e7\u00f5es de crian\u00e7as com idade inferior a esta.\n        <\/p>\n    <\/li>\n\n\n\n        <li>\n        <h5 class=\"privacy-policy-h2\">\n            Liga\u00e7\u00f5es de terceiros e utiliza\u00e7\u00e3o das suas informa\u00e7\u00f5es:\n        <\/h5>\n        <p class=\"privacy-policy-p\">\n            O nosso Servi\u00e7o pode conter liga\u00e7\u00f5es a outros s\u00edtios Web\n            que n\u00e3o s\u00e3o operados por n\u00f3s. A presente Pol\u00edtica de Privacidade\n            n\u00e3o aborda a pol\u00edtica de privacidade e outras\n            pr\u00e1ticas de terceiros, incluindo qualquer\n            terceiros que operem qualquer s\u00edtio Web ou servi\u00e7o\n            que possa estar acess\u00edvel atrav\u00e9s de um link no\n            Servi\u00e7o. Aconselhamo-lo vivamente a rever a\n            pol\u00edtica de privacidade de cada site que visitar. N\u00e3o temos\n            n\u00e3o temos qualquer controlo e n\u00e3o assumimos qualquer responsabilidade pelo\n            pelo conte\u00fado, pol\u00edticas de privacidade ou pr\u00e1ticas de\n            de quaisquer sites ou servi\u00e7os de terceiros.\n        <\/p>\n    <\/li>\n    \n    <li>\n        <h5 class=\"privacy-policy-h2\">\n            Respons\u00e1vel pelas queixas \/ prote\u00e7\u00e3o de dados:\n        <\/h5>\n        <p class=\"privacy-policy-p\">\n            Se tiver alguma d\u00favida ou preocupa\u00e7\u00e3o sobre o\n            processamento das suas informa\u00e7\u00f5es que est\u00e3o dispon\u00edveis\n            connosco, pode enviar uma mensagem de correio eletr\u00f3nico ao nosso respons\u00e1vel por queixas para\n            Guangzhou Ruida Packing Machinery Co., Ltd,\n            Building D, No. 226, Beishan Qiaotou Street, Haizhu District, Guangzhou City, Guangdong Province, China,\n            e-mail: ceo@ruidapacking.com.\n            Trataremos das suas preocupa\u00e7\u00f5es de acordo com a legisla\u00e7\u00e3o aplic\u00e1vel.\n        <\/p>\n    <\/li>\n<\/ol>\n<br><br><br><br><br>\n\n\n\t\t\t\t\t\t\t\t<\/div>\n\t\t\t\t<\/div>\n\t\t\t\t\t<\/div>\n\t\t\t\t<\/div>\n\t\t\t\t<\/div>","protected":false},"excerpt":{"rendered":"<p>Last Updated On 25-Sep-2025 Effective Date 25-Sep-2025 This Privacy Policy describes the policies of Guangzhou Ruida Packing Machinery Co., Ltd., Building D, No. 226, Beishan Qiaotou Street, Haizhu District, Guangzhou City, Guangdong Province, China, email: ceo@ruidapacking.com, phone: +86 15817128250 on the collection, use and disclosure of your information that we collect when you use our [&hellip;]<\/p>","protected":false},"author":4,"featured_media":0,"parent":0,"menu_order":0,"comment_status":"closed","ping_status":"closed","template":"","meta":{"_sitemap_exclude":false,"_sitemap_priority":"","_sitemap_frequency":"","footnotes":""},"class_list":["post-15034","page","type-page","status-publish","hentry"],"acf":[],"_links":{"self":[{"href":"https:\/\/ruidapacking.com\/pt\/wp-json\/wp\/v2\/pages\/15034","targetHints":{"allow":["GET"]}}],"collection":[{"href":"https:\/\/ruidapacking.com\/pt\/wp-json\/wp\/v2\/pages"}],"about":[{"href":"https:\/\/ruidapacking.com\/pt\/wp-json\/wp\/v2\/types\/page"}],"author":[{"embeddable":true,"href":"https:\/\/ruidapacking.com\/pt\/wp-json\/wp\/v2\/users\/4"}],"replies":[{"embeddable":true,"href":"https:\/\/ruidapacking.com\/pt\/wp-json\/wp\/v2\/comments?post=15034"}],"version-history":[{"count":0,"href":"https:\/\/ruidapacking.com\/pt\/wp-json\/wp\/v2\/pages\/15034\/revisions"}],"wp:attachment":[{"href":"https:\/\/ruidapacking.com\/pt\/wp-json\/wp\/v2\/media?parent=15034"}],"curies":[{"name":"wp","href":"https:\/\/api.w.org\/{rel}","templated":true}]}}