{"id":9211,"date":"2024-04-30T16:45:52","date_gmt":"2024-04-30T08:45:52","guid":{"rendered":"https:\/\/ruidapacking.com\/?post_type=product&#038;p=9211"},"modified":"2024-12-06T15:14:23","modified_gmt":"2024-12-06T07:14:23","slug":"capsule-counting-and-bottling-machine","status":"publish","type":"product","link":"https:\/\/ruidapacking.com\/pl\/product\/capsule-counting-and-bottling-machine\/","title":{"rendered":"Maszyna do liczenia i butelkowania kapsu\u0142ek"},"content":{"rendered":"","protected":false},"excerpt":{"rendered":"<p>Maszyna do liczenia i butelkowania kapsu\u0142ek s\u0142u\u017cy do automatycznego liczenia i nape\u0142niania butelek lub pojemnik\u00f3w produktami takimi jak tabletki, kapsu\u0142ki, kapsu\u0142ki mi\u0119kkie lub pigu\u0142ki.<\/p>","protected":false},"featured_media":12788,"template":"","meta":{"_sitemap_exclude":false,"_sitemap_priority":"","_sitemap_frequency":""},"product_categories":[42],"class_list":["post-9211","product","type-product","status-publish","has-post-thumbnail","hentry","product_categories-all-automatic-counting-machine"],"acf":[],"_links":{"self":[{"href":"https:\/\/ruidapacking.com\/pl\/wp-json\/wp\/v2\/product\/9211","targetHints":{"allow":["GET"]}}],"collection":[{"href":"https:\/\/ruidapacking.com\/pl\/wp-json\/wp\/v2\/product"}],"about":[{"href":"https:\/\/ruidapacking.com\/pl\/wp-json\/wp\/v2\/types\/product"}],"wp:featuredmedia":[{"embeddable":true,"href":"https:\/\/ruidapacking.com\/pl\/wp-json\/wp\/v2\/media\/12788"}],"wp:attachment":[{"href":"https:\/\/ruidapacking.com\/pl\/wp-json\/wp\/v2\/media?parent=9211"}],"wp:term":[{"taxonomy":"product_categories","embeddable":true,"href":"https:\/\/ruidapacking.com\/pl\/wp-json\/wp\/v2\/product_categories?post=9211"}],"curies":[{"name":"wp","href":"https:\/\/api.w.org\/{rel}","templated":true}]}}