{"id":9202,"date":"2024-04-26T22:33:22","date_gmt":"2024-04-26T14:33:22","guid":{"rendered":"https:\/\/ruidapacking.com\/?post_type=product&#038;p=9202"},"modified":"2025-03-12T20:50:07","modified_gmt":"2025-03-12T12:50:07","slug":"tablet-pill-capsule-counter-counting-machine","status":"publish","type":"product","link":"https:\/\/ruidapacking.com\/pl\/product\/tablet-pill-capsule-counter-counting-machine\/","title":{"rendered":"Maszyna do liczenia tabletek i kapsu\u0142ek"},"content":{"rendered":"","protected":false},"excerpt":{"rendered":"<p>Maszyny do liczenia tabletek i kapsu\u0142ek sta\u0142y si\u0119 niezb\u0119dnym wyposa\u017ceniem zapewniaj\u0105cym dok\u0142adno\u015b\u0107, zgodno\u015b\u0107 z przepisami i wydajno\u015b\u0107. <\/p>","protected":false},"featured_media":13495,"template":"","meta":{"_sitemap_exclude":false,"_sitemap_priority":"","_sitemap_frequency":""},"product_categories":[42],"class_list":["post-9202","product","type-product","status-publish","has-post-thumbnail","hentry","product_categories-all-automatic-counting-machine"],"acf":[],"_links":{"self":[{"href":"https:\/\/ruidapacking.com\/pl\/wp-json\/wp\/v2\/product\/9202","targetHints":{"allow":["GET"]}}],"collection":[{"href":"https:\/\/ruidapacking.com\/pl\/wp-json\/wp\/v2\/product"}],"about":[{"href":"https:\/\/ruidapacking.com\/pl\/wp-json\/wp\/v2\/types\/product"}],"wp:featuredmedia":[{"embeddable":true,"href":"https:\/\/ruidapacking.com\/pl\/wp-json\/wp\/v2\/media\/13495"}],"wp:attachment":[{"href":"https:\/\/ruidapacking.com\/pl\/wp-json\/wp\/v2\/media?parent=9202"}],"wp:term":[{"taxonomy":"product_categories","embeddable":true,"href":"https:\/\/ruidapacking.com\/pl\/wp-json\/wp\/v2\/product_categories?post=9202"}],"curies":[{"name":"wp","href":"https:\/\/api.w.org\/{rel}","templated":true}]}}