{"id":9197,"date":"2024-04-26T21:51:48","date_gmt":"2024-04-26T13:51:48","guid":{"rendered":"https:\/\/ruidapacking.com\/?post_type=product&#038;p=9197"},"modified":"2024-11-07T20:56:09","modified_gmt":"2024-11-07T12:56:09","slug":"capsule-filler-manufacturer","status":"publish","type":"product","link":"https:\/\/ruidapacking.com\/pl\/product\/capsule-filler-manufacturer\/","title":{"rendered":"Producent wype\u0142niaczy kapsu\u0142ek"},"content":{"rendered":"","protected":false},"excerpt":{"rendered":"<p>Producenci urz\u0105dze\u0144 do nape\u0142niania kapsu\u0142ek odgrywaj\u0105 nieodzown\u0105 rol\u0119 w przemy\u015ble farmaceutycznym ze wzgl\u0119du na ich wydajno\u015b\u0107 w produkcji du\u017cych ilo\u015bci dok\u0142adnie nape\u0142nionych kapsu\u0142ek.<\/p>","protected":false},"featured_media":12288,"template":"","meta":{"_sitemap_exclude":false,"_sitemap_priority":"","_sitemap_frequency":""},"product_categories":[37],"class_list":["post-9197","product","type-product","status-publish","has-post-thumbnail","hentry","product_categories-all-automatic-capsule-filling-machine"],"acf":[],"_links":{"self":[{"href":"https:\/\/ruidapacking.com\/pl\/wp-json\/wp\/v2\/product\/9197","targetHints":{"allow":["GET"]}}],"collection":[{"href":"https:\/\/ruidapacking.com\/pl\/wp-json\/wp\/v2\/product"}],"about":[{"href":"https:\/\/ruidapacking.com\/pl\/wp-json\/wp\/v2\/types\/product"}],"wp:featuredmedia":[{"embeddable":true,"href":"https:\/\/ruidapacking.com\/pl\/wp-json\/wp\/v2\/media\/12288"}],"wp:attachment":[{"href":"https:\/\/ruidapacking.com\/pl\/wp-json\/wp\/v2\/media?parent=9197"}],"wp:term":[{"taxonomy":"product_categories","embeddable":true,"href":"https:\/\/ruidapacking.com\/pl\/wp-json\/wp\/v2\/product_categories?post=9197"}],"curies":[{"name":"wp","href":"https:\/\/api.w.org\/{rel}","templated":true}]}}