{"id":8769,"date":"2024-03-23T11:43:40","date_gmt":"2024-03-23T03:43:40","guid":{"rendered":"https:\/\/ruidapacking.com\/?post_type=product&#038;p=8769"},"modified":"2026-01-22T20:29:55","modified_gmt":"2026-01-22T12:29:55","slug":"dpp-270max-high-speed-blister-packing-machine","status":"publish","type":"product","link":"https:\/\/ruidapacking.com\/pl\/product\/dpp-270max-high-speed-blister-packing-machine\/","title":{"rendered":"Maszyna do pakowania w blistry DPP-270Max o du\u017cej pr\u0119dko\u015bci"},"content":{"rendered":"","protected":false},"excerpt":{"rendered":"<p>Maszyna do pakowania w blistry o du\u017cej pr\u0119dko\u015bci DPP-270Max znajduje szerokie zastosowanie w r\u00f3\u017cnych ga\u0142\u0119ziach przemys\u0142u, w tym w bran\u017cy opakowaniowej, farmaceutycznej i chemicznej.<\/p>","protected":false},"featured_media":14265,"template":"","meta":{"_sitemap_exclude":false,"_sitemap_priority":"","_sitemap_frequency":""},"product_categories":[25],"class_list":["post-8769","product","type-product","status-publish","has-post-thumbnail","hentry","product_categories-for-tablet-capsule-and-other-solids"],"acf":[],"_links":{"self":[{"href":"https:\/\/ruidapacking.com\/pl\/wp-json\/wp\/v2\/product\/8769","targetHints":{"allow":["GET"]}}],"collection":[{"href":"https:\/\/ruidapacking.com\/pl\/wp-json\/wp\/v2\/product"}],"about":[{"href":"https:\/\/ruidapacking.com\/pl\/wp-json\/wp\/v2\/types\/product"}],"wp:featuredmedia":[{"embeddable":true,"href":"https:\/\/ruidapacking.com\/pl\/wp-json\/wp\/v2\/media\/14265"}],"wp:attachment":[{"href":"https:\/\/ruidapacking.com\/pl\/wp-json\/wp\/v2\/media?parent=8769"}],"wp:term":[{"taxonomy":"product_categories","embeddable":true,"href":"https:\/\/ruidapacking.com\/pl\/wp-json\/wp\/v2\/product_categories?post=8769"}],"curies":[{"name":"wp","href":"https:\/\/api.w.org\/{rel}","templated":true}]}}