{"id":8593,"date":"2026-02-10T15:03:59","date_gmt":"2026-02-10T07:03:59","guid":{"rendered":"https:\/\/ruidapacking.com\/?post_type=product&#038;p=8593"},"modified":"2026-02-10T18:14:46","modified_gmt":"2026-02-10T10:14:46","slug":"njp-1500-capsule-filling-machine","status":"publish","type":"product","link":"https:\/\/ruidapacking.com\/pl\/product\/njp-1500-capsule-filling-machine\/","title":{"rendered":"Maszyna do nape\u0142niania kapsu\u0142ek NJP 1500"},"content":{"rendered":"","protected":false},"excerpt":{"rendered":"<p>Maszyna do nape\u0142niania kapsu\u0142ek NJP 1500 mo\u017ce nape\u0142nia\u0107 kapsu\u0142ki twarde proszkiem, granulatem i peletem. Jej zalety to precyzyjne nape\u0142nianie, stabilna praca i brak kurzu.<\/p>","protected":false},"featured_media":13274,"template":"","meta":{"_sitemap_exclude":false,"_sitemap_priority":"","_sitemap_frequency":""},"product_categories":[41],"class_list":["post-8593","product","type-product","status-publish","has-post-thumbnail","hentry","product_categories-all-blister-packing-machine"],"acf":[],"_links":{"self":[{"href":"https:\/\/ruidapacking.com\/pl\/wp-json\/wp\/v2\/product\/8593","targetHints":{"allow":["GET"]}}],"collection":[{"href":"https:\/\/ruidapacking.com\/pl\/wp-json\/wp\/v2\/product"}],"about":[{"href":"https:\/\/ruidapacking.com\/pl\/wp-json\/wp\/v2\/types\/product"}],"wp:featuredmedia":[{"embeddable":true,"href":"https:\/\/ruidapacking.com\/pl\/wp-json\/wp\/v2\/media\/13274"}],"wp:attachment":[{"href":"https:\/\/ruidapacking.com\/pl\/wp-json\/wp\/v2\/media?parent=8593"}],"wp:term":[{"taxonomy":"product_categories","embeddable":true,"href":"https:\/\/ruidapacking.com\/pl\/wp-json\/wp\/v2\/product_categories?post=8593"}],"curies":[{"name":"wp","href":"https:\/\/api.w.org\/{rel}","templated":true}]}}