{"id":8265,"date":"2023-09-28T15:40:25","date_gmt":"2023-09-28T07:40:25","guid":{"rendered":"https:\/\/ruidapacking.com\/?post_type=product&#038;p=8265"},"modified":"2026-01-22T18:28:54","modified_gmt":"2026-01-22T10:28:54","slug":"capsule-filling-semi-automatic","status":"publish","type":"product","link":"https:\/\/ruidapacking.com\/pl\/product\/capsule-filling-semi-automatic\/","title":{"rendered":"Nape\u0142nianie kapsu\u0142ek p\u00f3\u0142automatyczne"},"content":{"rendered":"","protected":false},"excerpt":{"rendered":"","protected":false},"featured_media":8193,"template":"","meta":{"_sitemap_exclude":false,"_sitemap_priority":"","_sitemap_frequency":""},"product_categories":[38],"class_list":["post-8265","product","type-product","status-publish","has-post-thumbnail","hentry","product_categories-all-semi-automatic-capsule-filling-machine"],"acf":[],"_links":{"self":[{"href":"https:\/\/ruidapacking.com\/pl\/wp-json\/wp\/v2\/product\/8265","targetHints":{"allow":["GET"]}}],"collection":[{"href":"https:\/\/ruidapacking.com\/pl\/wp-json\/wp\/v2\/product"}],"about":[{"href":"https:\/\/ruidapacking.com\/pl\/wp-json\/wp\/v2\/types\/product"}],"wp:featuredmedia":[{"embeddable":true,"href":"https:\/\/ruidapacking.com\/pl\/wp-json\/wp\/v2\/media\/8193"}],"wp:attachment":[{"href":"https:\/\/ruidapacking.com\/pl\/wp-json\/wp\/v2\/media?parent=8265"}],"wp:term":[{"taxonomy":"product_categories","embeddable":true,"href":"https:\/\/ruidapacking.com\/pl\/wp-json\/wp\/v2\/product_categories?post=8265"}],"curies":[{"name":"wp","href":"https:\/\/api.w.org\/{rel}","templated":true}]}}