{"id":8129,"date":"2023-08-31T14:45:21","date_gmt":"2023-08-31T06:45:21","guid":{"rendered":"https:\/\/ruidapacking.com\/?post_type=product&#038;p=8129"},"modified":"2025-01-13T20:56:07","modified_gmt":"2025-01-13T12:56:07","slug":"flat-plate-automatic-blister-packing-machine","status":"publish","type":"product","link":"https:\/\/ruidapacking.com\/pl\/product\/flat-plate-automatic-blister-packing-machine\/","title":{"rendered":"Automatyczna maszyna pakuj\u0105ca w blistry z p\u0142ask\u0105 p\u0142yt\u0105"},"content":{"rendered":"","protected":false},"excerpt":{"rendered":"<p>Automatyczna maszyna pakuj\u0105ca w blistry z p\u0142ask\u0105 p\u0142yt\u0105 poprawi\u0142a ochron\u0119 produktu, zwi\u0119kszy\u0142a wydajno\u015b\u0107, zmniejszy\u0142a ilo\u015b\u0107 odpad\u00f3w materia\u0142owych i pozwoli\u0142a zaoszcz\u0119dzi\u0107 koszty przy produkcji wielkoseryjnej.<\/p>","protected":false},"featured_media":13180,"template":"","meta":{"_sitemap_exclude":false,"_sitemap_priority":"","_sitemap_frequency":""},"product_categories":[41],"class_list":["post-8129","product","type-product","status-publish","has-post-thumbnail","hentry","product_categories-all-blister-packing-machine"],"acf":[],"_links":{"self":[{"href":"https:\/\/ruidapacking.com\/pl\/wp-json\/wp\/v2\/product\/8129","targetHints":{"allow":["GET"]}}],"collection":[{"href":"https:\/\/ruidapacking.com\/pl\/wp-json\/wp\/v2\/product"}],"about":[{"href":"https:\/\/ruidapacking.com\/pl\/wp-json\/wp\/v2\/types\/product"}],"wp:featuredmedia":[{"embeddable":true,"href":"https:\/\/ruidapacking.com\/pl\/wp-json\/wp\/v2\/media\/13180"}],"wp:attachment":[{"href":"https:\/\/ruidapacking.com\/pl\/wp-json\/wp\/v2\/media?parent=8129"}],"wp:term":[{"taxonomy":"product_categories","embeddable":true,"href":"https:\/\/ruidapacking.com\/pl\/wp-json\/wp\/v2\/product_categories?post=8129"}],"curies":[{"name":"wp","href":"https:\/\/api.w.org\/{rel}","templated":true}]}}