{"id":8065,"date":"2023-09-27T20:31:44","date_gmt":"2023-09-27T12:31:44","guid":{"rendered":"https:\/\/ruidapacking.com\/?post_type=product&#038;p=8065"},"modified":"2025-04-25T17:41:03","modified_gmt":"2025-04-25T09:41:03","slug":"semi-automatic-capsule-filler-machine","status":"publish","type":"product","link":"https:\/\/ruidapacking.com\/pl\/product\/semi-automatic-capsule-filler-machine\/","title":{"rendered":"P\u00f3\u0142automatyczna maszyna do nape\u0142niania kapsu\u0142ek"},"content":{"rendered":"","protected":false},"excerpt":{"rendered":"<p>P\u00f3\u0142automatyczna maszyna do nape\u0142niania kapsu\u0142ek mo\u017ce nape\u0142nia\u0107 twarde kapsu\u0142ki proszkiem, granulkami, peletkami i p\u0142ynem, odpowiednia dla rozmiaru kapsu\u0142ek #000-5.<\/p>","protected":false},"featured_media":9150,"template":"","meta":{"_sitemap_exclude":false,"_sitemap_priority":"","_sitemap_frequency":""},"product_categories":[17],"class_list":["post-8065","product","type-product","status-publish","has-post-thumbnail","hentry","product_categories-semi-automatic-capsule-filling-machine"],"acf":[],"_links":{"self":[{"href":"https:\/\/ruidapacking.com\/pl\/wp-json\/wp\/v2\/product\/8065","targetHints":{"allow":["GET"]}}],"collection":[{"href":"https:\/\/ruidapacking.com\/pl\/wp-json\/wp\/v2\/product"}],"about":[{"href":"https:\/\/ruidapacking.com\/pl\/wp-json\/wp\/v2\/types\/product"}],"wp:featuredmedia":[{"embeddable":true,"href":"https:\/\/ruidapacking.com\/pl\/wp-json\/wp\/v2\/media\/9150"}],"wp:attachment":[{"href":"https:\/\/ruidapacking.com\/pl\/wp-json\/wp\/v2\/media?parent=8065"}],"wp:term":[{"taxonomy":"product_categories","embeddable":true,"href":"https:\/\/ruidapacking.com\/pl\/wp-json\/wp\/v2\/product_categories?post=8065"}],"curies":[{"name":"wp","href":"https:\/\/api.w.org\/{rel}","templated":true}]}}