{"id":13926,"date":"2026-02-10T10:39:03","date_gmt":"2026-02-10T02:39:03","guid":{"rendered":"https:\/\/ruidapacking.com\/?post_type=product&#038;p=13926"},"modified":"2026-02-10T18:24:06","modified_gmt":"2026-02-10T10:24:06","slug":"blister-cartoning-packing-line","status":"publish","type":"product","link":"https:\/\/ruidapacking.com\/pl\/product\/blister-cartoning-packing-line\/","title":{"rendered":"Linia pakuj\u0105ca w kartony typu blister"},"content":{"rendered":"","protected":false},"excerpt":{"rendered":"<p>Linia pakuj\u0105ca w kartony typu blister integruje formowanie blistr\u00f3w, nape\u0142nianie produktu, zamykanie, kontrol\u0119, odrzucanie i pakowanie w kartony, zapewniaj\u0105c ci\u0105g\u0142o\u015b\u0107 produkcji.<\/p>","protected":false},"featured_media":13927,"template":"","meta":{"_sitemap_exclude":false,"_sitemap_priority":"","_sitemap_frequency":""},"product_categories":[41],"class_list":["post-13926","product","type-product","status-publish","has-post-thumbnail","hentry","product_categories-all-blister-packing-machine"],"acf":[],"_links":{"self":[{"href":"https:\/\/ruidapacking.com\/pl\/wp-json\/wp\/v2\/product\/13926","targetHints":{"allow":["GET"]}}],"collection":[{"href":"https:\/\/ruidapacking.com\/pl\/wp-json\/wp\/v2\/product"}],"about":[{"href":"https:\/\/ruidapacking.com\/pl\/wp-json\/wp\/v2\/types\/product"}],"wp:featuredmedia":[{"embeddable":true,"href":"https:\/\/ruidapacking.com\/pl\/wp-json\/wp\/v2\/media\/13927"}],"wp:attachment":[{"href":"https:\/\/ruidapacking.com\/pl\/wp-json\/wp\/v2\/media?parent=13926"}],"wp:term":[{"taxonomy":"product_categories","embeddable":true,"href":"https:\/\/ruidapacking.com\/pl\/wp-json\/wp\/v2\/product_categories?post=13926"}],"curies":[{"name":"wp","href":"https:\/\/api.w.org\/{rel}","templated":true}]}}