{"id":13246,"date":"2025-01-14T15:15:26","date_gmt":"2025-01-14T07:15:26","guid":{"rendered":"https:\/\/ruidapacking.com\/?post_type=product&#038;p=13246"},"modified":"2025-01-14T15:16:33","modified_gmt":"2025-01-14T07:16:33","slug":"6-lanes-sachet-packing-machine","status":"publish","type":"product","link":"https:\/\/ruidapacking.com\/pl\/product\/6-lanes-sachet-packing-machine\/","title":{"rendered":"Maszyna pakuj\u0105ca w saszetki 6-torowa"},"content":{"rendered":"","protected":false},"excerpt":{"rendered":"<p>6-\u015bcie\u017ckowa maszyna pakuj\u0105ca w saszetki zapewnia szybkie, precyzyjne nape\u0142nianie, redukcj\u0119 strat materia\u0142u, dostosowane do potrzeb, niezawodne i higieniczne pakowanie r\u00f3\u017cnych produkt\u00f3w.<\/p>","protected":false},"featured_media":13247,"template":"","meta":{"_sitemap_exclude":false,"_sitemap_priority":"","_sitemap_frequency":""},"product_categories":[43],"class_list":["post-13246","product","type-product","status-publish","has-post-thumbnail","hentry","product_categories-all-cartoning-machine"],"acf":[],"_links":{"self":[{"href":"https:\/\/ruidapacking.com\/pl\/wp-json\/wp\/v2\/product\/13246","targetHints":{"allow":["GET"]}}],"collection":[{"href":"https:\/\/ruidapacking.com\/pl\/wp-json\/wp\/v2\/product"}],"about":[{"href":"https:\/\/ruidapacking.com\/pl\/wp-json\/wp\/v2\/types\/product"}],"wp:featuredmedia":[{"embeddable":true,"href":"https:\/\/ruidapacking.com\/pl\/wp-json\/wp\/v2\/media\/13247"}],"wp:attachment":[{"href":"https:\/\/ruidapacking.com\/pl\/wp-json\/wp\/v2\/media?parent=13246"}],"wp:term":[{"taxonomy":"product_categories","embeddable":true,"href":"https:\/\/ruidapacking.com\/pl\/wp-json\/wp\/v2\/product_categories?post=13246"}],"curies":[{"name":"wp","href":"https:\/\/api.w.org\/{rel}","templated":true}]}}