{"id":13186,"date":"2025-01-13T22:26:37","date_gmt":"2025-01-13T14:26:37","guid":{"rendered":"https:\/\/ruidapacking.com\/?post_type=product&#038;p=13186"},"modified":"2025-10-14T16:13:23","modified_gmt":"2025-10-14T08:13:23","slug":"small-cartoner","status":"publish","type":"product","link":"https:\/\/ruidapacking.com\/pl\/product\/small-cartoner\/","title":{"rendered":"Ma\u0142y kartoniarz"},"content":{"rendered":"","protected":false},"excerpt":{"rendered":"<p>Ma\u0142e maszyny do pakowania w kartony zapewniaj\u0105 kompaktowe i wydajne pakowanie, oszcz\u0119dzaj\u0105c miejsce, redukuj\u0105c koszty pracy i zapewniaj\u0105c elastyczno\u015b\u0107 w przypadku produkt\u00f3w o r\u00f3\u017cnych rozmiarach.<\/p>","protected":false},"featured_media":13187,"template":"","meta":{"_sitemap_exclude":false,"_sitemap_priority":"","_sitemap_frequency":""},"product_categories":[43],"class_list":["post-13186","product","type-product","status-publish","has-post-thumbnail","hentry","product_categories-all-cartoning-machine"],"acf":[],"_links":{"self":[{"href":"https:\/\/ruidapacking.com\/pl\/wp-json\/wp\/v2\/product\/13186","targetHints":{"allow":["GET"]}}],"collection":[{"href":"https:\/\/ruidapacking.com\/pl\/wp-json\/wp\/v2\/product"}],"about":[{"href":"https:\/\/ruidapacking.com\/pl\/wp-json\/wp\/v2\/types\/product"}],"wp:featuredmedia":[{"embeddable":true,"href":"https:\/\/ruidapacking.com\/pl\/wp-json\/wp\/v2\/media\/13187"}],"wp:attachment":[{"href":"https:\/\/ruidapacking.com\/pl\/wp-json\/wp\/v2\/media?parent=13186"}],"wp:term":[{"taxonomy":"product_categories","embeddable":true,"href":"https:\/\/ruidapacking.com\/pl\/wp-json\/wp\/v2\/product_categories?post=13186"}],"curies":[{"name":"wp","href":"https:\/\/api.w.org\/{rel}","templated":true}]}}