{"id":13184,"date":"2026-02-10T10:05:39","date_gmt":"2026-02-10T02:05:39","guid":{"rendered":"https:\/\/ruidapacking.com\/?post_type=product&#038;p=13184"},"modified":"2026-02-10T18:25:12","modified_gmt":"2026-02-10T10:25:12","slug":"high-speed-flow-wrapper","status":"publish","type":"product","link":"https:\/\/ruidapacking.com\/pl\/product\/high-speed-flow-wrapper\/","title":{"rendered":"Maszyna pakuj\u0105ca typu flow-wrap o du\u017cej pr\u0119dko\u015bci"},"content":{"rendered":"","protected":false},"excerpt":{"rendered":"<p>Szybkie maszyny pakuj\u0105ce typu flow-pack umo\u017cliwiaj\u0105 szybkie i wydajne pakowanie, redukuj\u0105 koszty pracy, poprawiaj\u0105 sp\u00f3jno\u015b\u0107 i zwi\u0119kszaj\u0105 wydajno\u015b\u0107 produkcji w przypadku operacji o du\u017cej obj\u0119to\u015bci.<\/p>","protected":false},"featured_media":13185,"template":"","meta":{"_sitemap_exclude":false,"_sitemap_priority":"","_sitemap_frequency":""},"product_categories":[41],"class_list":["post-13184","product","type-product","status-publish","has-post-thumbnail","hentry","product_categories-all-blister-packing-machine"],"acf":[],"_links":{"self":[{"href":"https:\/\/ruidapacking.com\/pl\/wp-json\/wp\/v2\/product\/13184","targetHints":{"allow":["GET"]}}],"collection":[{"href":"https:\/\/ruidapacking.com\/pl\/wp-json\/wp\/v2\/product"}],"about":[{"href":"https:\/\/ruidapacking.com\/pl\/wp-json\/wp\/v2\/types\/product"}],"wp:featuredmedia":[{"embeddable":true,"href":"https:\/\/ruidapacking.com\/pl\/wp-json\/wp\/v2\/media\/13185"}],"wp:attachment":[{"href":"https:\/\/ruidapacking.com\/pl\/wp-json\/wp\/v2\/media?parent=13184"}],"wp:term":[{"taxonomy":"product_categories","embeddable":true,"href":"https:\/\/ruidapacking.com\/pl\/wp-json\/wp\/v2\/product_categories?post=13184"}],"curies":[{"name":"wp","href":"https:\/\/api.w.org\/{rel}","templated":true}]}}