{"id":12823,"date":"2024-12-06T18:52:50","date_gmt":"2024-12-06T10:52:50","guid":{"rendered":"https:\/\/ruidapacking.com\/?post_type=product&#038;p=12823"},"modified":"2024-12-06T18:52:51","modified_gmt":"2024-12-06T10:52:51","slug":"dph-270max-blister-packaging-machine","status":"publish","type":"product","link":"https:\/\/ruidapacking.com\/pl\/product\/dph-270max-blister-packaging-machine\/","title":{"rendered":"Maszyna pakuj\u0105ca w blistry DPH-270Max"},"content":{"rendered":"","protected":false},"excerpt":{"rendered":"<p>Maszyna pakuj\u0105ca w blistry DPH-270Max wykorzystuje zautomatyzowany proces pakowania produkt\u00f3w w gotowe blistry z wykorzystaniem blistra i folii aluminiowej.<\/p>","protected":false},"featured_media":12824,"template":"","meta":{"_sitemap_exclude":false,"_sitemap_priority":"","_sitemap_frequency":""},"product_categories":[41],"class_list":["post-12823","product","type-product","status-publish","has-post-thumbnail","hentry","product_categories-all-blister-packing-machine"],"acf":[],"_links":{"self":[{"href":"https:\/\/ruidapacking.com\/pl\/wp-json\/wp\/v2\/product\/12823","targetHints":{"allow":["GET"]}}],"collection":[{"href":"https:\/\/ruidapacking.com\/pl\/wp-json\/wp\/v2\/product"}],"about":[{"href":"https:\/\/ruidapacking.com\/pl\/wp-json\/wp\/v2\/types\/product"}],"wp:featuredmedia":[{"embeddable":true,"href":"https:\/\/ruidapacking.com\/pl\/wp-json\/wp\/v2\/media\/12824"}],"wp:attachment":[{"href":"https:\/\/ruidapacking.com\/pl\/wp-json\/wp\/v2\/media?parent=12823"}],"wp:term":[{"taxonomy":"product_categories","embeddable":true,"href":"https:\/\/ruidapacking.com\/pl\/wp-json\/wp\/v2\/product_categories?post=12823"}],"curies":[{"name":"wp","href":"https:\/\/api.w.org\/{rel}","templated":true}]}}