{"id":12732,"date":"2024-11-28T10:23:46","date_gmt":"2024-11-28T02:23:46","guid":{"rendered":"https:\/\/ruidapacking.com\/?post_type=product&#038;p=12732"},"modified":"2024-11-28T10:26:58","modified_gmt":"2024-11-28T02:26:58","slug":"three-layer-tablet-press-machine","status":"publish","type":"product","link":"https:\/\/ruidapacking.com\/pl\/product\/three-layer-tablet-press-machine\/","title":{"rendered":"Maszyna do tabletkowania tr\u00f3jwarstwowego"},"content":{"rendered":"","protected":false},"excerpt":{"rendered":"<p>Tr\u00f3jwarstwowa tabletkarka s\u0142u\u017c\u0105ca do produkcji tabletek o r\u00f3\u017cnych profilach uwalniania leku lub kombinacji sk\u0142adnik\u00f3w aktywnych.<\/p>","protected":false},"featured_media":12733,"template":"","meta":{"_sitemap_exclude":false,"_sitemap_priority":"","_sitemap_frequency":""},"product_categories":[40],"class_list":["post-12732","product","type-product","status-publish","has-post-thumbnail","hentry","product_categories-all-tablet-press-machine"],"acf":[],"_links":{"self":[{"href":"https:\/\/ruidapacking.com\/pl\/wp-json\/wp\/v2\/product\/12732","targetHints":{"allow":["GET"]}}],"collection":[{"href":"https:\/\/ruidapacking.com\/pl\/wp-json\/wp\/v2\/product"}],"about":[{"href":"https:\/\/ruidapacking.com\/pl\/wp-json\/wp\/v2\/types\/product"}],"wp:featuredmedia":[{"embeddable":true,"href":"https:\/\/ruidapacking.com\/pl\/wp-json\/wp\/v2\/media\/12733"}],"wp:attachment":[{"href":"https:\/\/ruidapacking.com\/pl\/wp-json\/wp\/v2\/media?parent=12732"}],"wp:term":[{"taxonomy":"product_categories","embeddable":true,"href":"https:\/\/ruidapacking.com\/pl\/wp-json\/wp\/v2\/product_categories?post=12732"}],"curies":[{"name":"wp","href":"https:\/\/api.w.org\/{rel}","templated":true}]}}