{"id":12303,"date":"2024-11-08T11:39:06","date_gmt":"2024-11-08T03:39:06","guid":{"rendered":"https:\/\/ruidapacking.com\/?post_type=product&#038;p=12303"},"modified":"2024-11-08T11:39:07","modified_gmt":"2024-11-08T03:39:07","slug":"flow-wrapping-packing-machine","status":"publish","type":"product","link":"https:\/\/ruidapacking.com\/pl\/product\/flow-wrapping-packing-machine\/","title":{"rendered":"Maszyna pakuj\u0105ca Flow Wrapping"},"content":{"rendered":"","protected":false},"excerpt":{"rendered":"<p>Maszyny pakuj\u0105ce typu flow-pack oferuj\u0105 liczne zalety, dzi\u0119ki czemu s\u0105 popularne w r\u00f3\u017cnych ga\u0142\u0119ziach przemys\u0142u, takich jak produkcja \u017cywno\u015bci, farmaceutyka, kosmetyka i d\u00f3br konsumpcyjnych.<\/p>","protected":false},"featured_media":12287,"template":"","meta":{"_sitemap_exclude":false,"_sitemap_priority":"","_sitemap_frequency":""},"product_categories":[41],"class_list":["post-12303","product","type-product","status-publish","has-post-thumbnail","hentry","product_categories-all-blister-packing-machine"],"acf":[],"_links":{"self":[{"href":"https:\/\/ruidapacking.com\/pl\/wp-json\/wp\/v2\/product\/12303","targetHints":{"allow":["GET"]}}],"collection":[{"href":"https:\/\/ruidapacking.com\/pl\/wp-json\/wp\/v2\/product"}],"about":[{"href":"https:\/\/ruidapacking.com\/pl\/wp-json\/wp\/v2\/types\/product"}],"wp:featuredmedia":[{"embeddable":true,"href":"https:\/\/ruidapacking.com\/pl\/wp-json\/wp\/v2\/media\/12287"}],"wp:attachment":[{"href":"https:\/\/ruidapacking.com\/pl\/wp-json\/wp\/v2\/media?parent=12303"}],"wp:term":[{"taxonomy":"product_categories","embeddable":true,"href":"https:\/\/ruidapacking.com\/pl\/wp-json\/wp\/v2\/product_categories?post=12303"}],"curies":[{"name":"wp","href":"https:\/\/api.w.org\/{rel}","templated":true}]}}