{"id":11458,"date":"2025-09-01T18:20:03","date_gmt":"2025-09-01T10:20:03","guid":{"rendered":"https:\/\/ruidapacking.com\/?post_type=product&#038;p=11458"},"modified":"2026-01-22T21:08:57","modified_gmt":"2026-01-22T13:08:57","slug":"automatic-tablet-press-machine","status":"publish","type":"product","link":"https:\/\/ruidapacking.com\/pl\/product\/automatic-tablet-press-machine\/","title":{"rendered":"Automatyczna maszyna do tabletkowania"},"content":{"rendered":"","protected":false},"excerpt":{"rendered":"<p>Automatyczna prasa do tabletek s\u0142u\u017cy do prasowania proszku lub granulatu w tabletki o jednolitej jako\u015bci poprzez szereg precyzyjnie kontrolowanych krok\u00f3w.<\/p>","protected":false},"featured_media":11459,"template":"","meta":{"_sitemap_exclude":false,"_sitemap_priority":"","_sitemap_frequency":""},"product_categories":[62],"class_list":["post-11458","product","type-product","status-publish","has-post-thumbnail","hentry","product_categories-premade-pouch-packing-machine"],"acf":[],"_links":{"self":[{"href":"https:\/\/ruidapacking.com\/pl\/wp-json\/wp\/v2\/product\/11458","targetHints":{"allow":["GET"]}}],"collection":[{"href":"https:\/\/ruidapacking.com\/pl\/wp-json\/wp\/v2\/product"}],"about":[{"href":"https:\/\/ruidapacking.com\/pl\/wp-json\/wp\/v2\/types\/product"}],"wp:featuredmedia":[{"embeddable":true,"href":"https:\/\/ruidapacking.com\/pl\/wp-json\/wp\/v2\/media\/11459"}],"wp:attachment":[{"href":"https:\/\/ruidapacking.com\/pl\/wp-json\/wp\/v2\/media?parent=11458"}],"wp:term":[{"taxonomy":"product_categories","embeddable":true,"href":"https:\/\/ruidapacking.com\/pl\/wp-json\/wp\/v2\/product_categories?post=11458"}],"curies":[{"name":"wp","href":"https:\/\/api.w.org\/{rel}","templated":true}]}}