{"id":15034,"date":"2025-09-25T23:26:45","date_gmt":"2025-09-25T15:26:45","guid":{"rendered":"https:\/\/ruidapacking.com\/?page_id=15034"},"modified":"2025-09-26T10:31:57","modified_gmt":"2025-09-26T02:31:57","slug":"privacy-policy","status":"publish","type":"page","link":"https:\/\/ruidapacking.com\/pl\/privacy-policy\/","title":{"rendered":"Polityka prywatno\u015bci"},"content":{"rendered":"<div data-elementor-type=\"wp-page\" data-elementor-id=\"15034\" class=\"elementor elementor-15034\" data-elementor-post-type=\"page\">\n\t\t\t\t<div class=\"elementor-element elementor-element-79a1883d e-flex e-con-boxed e-con e-parent\" data-id=\"79a1883d\" data-element_type=\"container\" data-e-type=\"container\">\n\t\t\t\t\t<div class=\"e-con-inner\">\n\t\t\t\t<div class=\"elementor-element elementor-element-307258e6 elementor-widget elementor-widget-text-editor\" data-id=\"307258e6\" data-element_type=\"widget\" data-e-type=\"widget\" data-widget_type=\"text-editor.default\">\n\t\t\t\t<div class=\"elementor-widget-container\">\n\t\t\t\t\t\t\t\t\t<h4 class=\"privacy-policy-h1\">\n<br><span>Ostatnia aktualizacja 25-wrz-2025<\/span>\n<br><span>Data wej\u015bcia w \u017cycie 25-wrz-2025<\/span>\n<\/h4>\n\n<p class=\"privacy-policy-p\">\n    Ta Polityka Prywatno\u015bci opisuje zasady\n\n    Guangzhou Ruida Packing Machinery Co., Ltd.,\n    Budynek D, nr 226, ulica Beishan Qiaotou, dzielnica Haizhu, miasto Guangzhou, prowincja Guangdong, Chiny,\n    \n    e-mail: ceo@ruidapacking.com,\n    telefon: +86 15817128250\n\n    dotycz\u0105ce zbierania,\n    u\u017cywania i ujawniania Twoich informacji, kt\u00f3re zbieramy\n    gdy korzystasz z naszej strony internetowej ( https:\\\/\\\/ruidapacking.com ).\n    (\"Us\u0142uga\"). Korzystaj\u0105c z\n    Us\u0142ugi, wyra\u017casz zgod\u0119 na zbieranie, u\u017cywanie i\n    ujawnianie Twoich informacji zgodnie z t\u0105\n    Polityk\u0105 Prywatno\u015bci. Je\u015bli nie wyra\u017casz na to zgody,\n    prosimy nie korzysta\u0107 z Us\u0142ugi.\n<\/p>\n\n<p class=\"privacy-policy-p\">\n    Mo\u017cemy zmodyfikowa\u0107 t\u0119 Polityk\u0119 Prywatno\u015bci w dowolnym momencie bez\n    wcze\u015bniejszego powiadomienia i opublikujemy zrewidowan\u0105\n    Polityk\u0119 Prywatno\u015bci w Us\u0142udze. Zrewidowana Polityka wejdzie\n    w \u017cycie 180 dni od momentu, gdy\n    zrewidowana Polityka zostanie opublikowana w Us\u0142udze, a Twoje\n    dalsze korzystanie z Us\u0142ugi po tym czasie\n    b\u0119dzie stanowi\u0107 Twoj\u0105 akceptacj\u0119 zrewidowanej Polityki\n    Prywatno\u015bci. Dlatego zalecamy, aby\u015b okresowo\n    przegl\u0105da\u0142 t\u0119 stron\u0119.\n<\/p>\n\n<ol class=\"privacy-policy-ol\">\n        <li>\n        <h5 class=\"privacy-policy-h2\">\n            Informacje, kt\u00f3re zbieramy:\n        <\/h5>\n\n        \n        <p class=\"privacy-policy-p\">\n            B\u0119dziemy zbiera\u0107 i przetwarza\u0107 nast\u0119puj\u0105ce\n            dane osobowe o Tobie:\n        <\/p>\n        <ol class=\"privacy-policy-ol\">\n\n                        <li>Imi\u0119<\/li>\n            \n                        <li>E-mail<\/li>\n            \n                        <li>Telefon kom\u00f3rkowy<\/li>\n            \n            \n            \n            \n            \n                        \n                                    <li>stanowisko<\/li>\n                                                <li>nazwa firmy<\/li>\n                                                <li>kraj\\\/region.<\/li>\n                        \n        <\/ol>\n        \n\n        \n\n    <\/li>\n\n    \n    \n\n        <li>\n        <h5 class=\"privacy-policy-h2\">\n            Jak wykorzystujemy Twoje informacje:\n        <\/h5>\n        <p class=\"privacy-policy-p\">\n            B\u0119dziemy u\u017cywa\u0107 informacji, kt\u00f3re zbieramy\n            o Tobie w nast\u0119puj\u0105cych celach:\n        <\/p>\n        <ol class=\"privacy-policy-ol\">\n\n                        <li>Marketing\\\/ Promocja<\/li>\n            \n            \n                        <li>Referencje<\/li>\n            \n            \n            \n            \n                        <li>Wsparcie<\/li>\n            \n            \n                        <li>Reklama ukierunkowana<\/li>\n            \n            \n            \n            \n            \n            \n        <\/ol>\n        <p class=\"privacy-policy-p\">\n            Je\u015bli chcemy u\u017cy\u0107 Twoich informacji w innym\n            celu, poprosimy Ci\u0119 o zgod\u0119 i b\u0119dziemy\n            u\u017cywa\u0107 Twoich informacji tylko po uzyskaniu\n            Twojej zgody, a nast\u0119pnie tylko w celu(-ach), w\n            kt\u00f3rych udzielono zgody, chyba \u017ce b\u0119dziemy zobowi\u0105zani\n            do dzia\u0142ania inaczej na mocy prawa.\n        <\/p>\n    <\/li>\n    \n    \n    <li>\n        <h5 class=\"privacy-policy-h2\">\n            Jak dzielimy si\u0119 Twoimi informacjami:\n        <\/h5>\n\n\n                <p class=\"privacy-policy-p\">\n            Nie przeka\u017cemy Twoich danych osobowych\n            \u017cadnej osobie trzeciej bez uzyskania Twojej zgody,\n            z wyj\u0105tkiem ograniczonych okoliczno\u015bci opisanych\n            poni\u017cej:\n        <\/p>\n        <ol class=\"privacy-policy-ol\">\n                        <li>Us\u0142uga reklamowa<\/li>\n            \n            \n            \n            \n                        <li>Analiza<\/li>\n            \n            \n                    <\/ol>\n        \n        <p class=\"privacy-policy-p\">\n            Wymagamy, aby takie osoby trzecie u\u017cywa\u0142y\n            danych osobowych, kt\u00f3re im przekazujemy, tylko\n            w celu, w jakim zosta\u0142y przekazane, i nie przechowywa\u0142y\n            ich d\u0142u\u017cej, ni\u017c jest to wymagane do\n            realizacji tego celu.\n        <\/p>\n        <p class=\"privacy-policy-p\">\n            Mo\u017cemy r\u00f3wnie\u017c ujawni\u0107 Twoje dane osobowe\n            w nast\u0119puj\u0105cych przypadkach: (1) w celu przestrzegania\n            obowi\u0105zuj\u0105cego prawa, regulacji, nakazu s\u0105dowego lub innego\n            procesu prawnego; (2) w celu egzekwowania um\u00f3w z nami,\n            w tym tej Polityki Prywatno\u015bci; lub (3) w celu odpowiedzi\n            na roszczenia, \u017ce Twoje korzystanie z Us\u0142ugi narusza\n            jakiekolwiek prawa os\u00f3b trzecich. Je\u015bli Us\u0142uga lub nasza\n            firma zostanie po\u0142\u0105czona lub przej\u0119ta przez inn\u0105\n            firm\u0119, Twoje informacje b\u0119d\u0105 jednym z\n            aktyw\u00f3w, kt\u00f3re zostan\u0105 przekazane nowemu w\u0142a\u015bcicielowi.\n        <\/p>\n    <\/li>\n    \n\n        <li>\n        <h5 class=\"privacy-policy-h2\">\n            Przechowywanie Twoich informacji:\n        <\/h5>\n        <p class=\"privacy-policy-p\">\n            B\u0119dziemy przechowywa\u0107 Twoje dane osobowe u nas\n            przez\n                        Przechowujemy zebrane dane osobowe tak d\u0142ugo, jak to konieczne, aby \u015bwiadczy\u0107 nasze us\u0142ugi i odpowiada\u0107 na zapytania, lub do momentu, gdy u\u017cytkownik za\u017c\u0105da ich usuni\u0119cia.\n                        lub tak d\u0142ugo,\n            jak potrzebujemy ich do realizacji cel\u00f3w, dla\n            kt\u00f3rych zosta\u0142y zebrane, jak szczeg\u00f3\u0142owo opisano w tej\n            Polityce Prywatno\u015bci. Mo\u017cemy potrzebowa\u0107 przechowywa\u0107 niekt\u00f3re\n            informacje przez d\u0142u\u017csze okresy, takie jak\n            prowadzenie dokumentacji \\\/ raportowanie zgodnie z\n            obowi\u0105zuj\u0105cym prawem lub z innych uzasadnionych powod\u00f3w,\n            takich jak egzekwowanie praw, zapobieganie\n            oszustwom itp. Pozosta\u0142e anonimowe informacje\n            oraz informacje zbiorcze, kt\u00f3re nie identyfikuj\u0105 Ci\u0119\n            (bezpo\u015brednio ani po\u015brednio), mog\u0105 by\u0107\n            przechowywane bezterminowo.\n        <\/p>\n    <\/li>\n    \n    <li>\n        <h5 class=\"privacy-policy-h2\">\n            Twoje prawa:\n        <\/h5>\n        <p class=\"privacy-policy-p\">\n            W zale\u017cno\u015bci od obowi\u0105zuj\u0105cego prawa, mo\u017cesz mie\u0107\n            prawo dost\u0119pu do swoich danych osobowych oraz ich poprawienia lub usuni\u0119cia, otrzymania kopii swoich danych osobowych, ograniczenia lub sprzeciwu wobec aktywnego\n            przetwarzania swoich danych, poprosi\u0107 nas o przekazanie (przeniesienie)\n            swoich danych osobowych do innego podmiotu,\n            wycofa\u0107 wszelkie zgody, kt\u00f3re nam udzieli\u0142e\u015b na\n            przetwarzanie swoich danych, prawo do z\u0142o\u017cenia skargi\n            do organu ustawowego oraz inne prawa,\n            kt\u00f3re mog\u0105 by\u0107 istotne zgodnie z obowi\u0105zuj\u0105cymi przepisami. Aby\n            skorzysta\u0107 z tych praw, mo\u017cesz napisa\u0107 do nas na\n            ceo@ruidapacking.com.\n            Odpowiemy na Twoje\n            zapytanie zgodnie z obowi\u0105zuj\u0105cym prawem.\n        <\/p>\n\n        \n        <p class=\"privacy-policy-p\">\n            Zauwa\u017c, \u017ce je\u015bli nie pozwolisz nam zbiera\u0107\n            lub przetwarza\u0107 wymaganych danych osobowych lub\n            wycofasz zgod\u0119 na ich przetwarzanie w wymaganych\n            celach, mo\u017cesz nie by\u0107 w stanie uzyska\u0107 dost\u0119pu\n            lub korzysta\u0107 z us\u0142ug, dla kt\u00f3rych Twoje informacje\n            by\u0142y potrzebne.\n        <\/p>\n    <\/li>\n        <li>\n        <h5 class=\"privacy-policy-h2\">\n            Ciasteczka:\n        <\/h5>\n        <p class=\"privacy-policy-p\">\n\n            \n            Nasza strona internetowa u\u017cywa ciasteczek i podobnych technologii \u015bledzenia, aby odr\u00f3\u017cni\u0107 Ci\u0119 od innych u\u017cytkownik\u00f3w naszej strony internetowej i pom\u00f3c nam w jej ulepszaniu.<br>\n\nCzym s\u0105 ciasteczka: Ciasteczka to ma\u0142e pliki tekstowe zawieraj\u0105ce niewielk\u0105 ilo\u015b\u0107 informacji, kt\u00f3re s\u0105 pobierane na Twoje urz\u0105dzenie, gdy odwiedzasz stron\u0119 internetow\u0105.<br>\nRodzaje ciasteczek, kt\u00f3re u\u017cywamy:<br>\nCiasteczka niezb\u0119dne: Niezb\u0119dne do zapewnienia prawid\u0142owego dzia\u0142ania strony internetowej, takie jak funkcjonalno\u015b\u0107 logowania u\u017cytkownika.<br>\nCiasteczka analityczne: Pomagaj\u0105 nam zrozumie\u0107, jak odwiedzaj\u0105cy wchodz\u0105 w interakcje z nasz\u0105 stron\u0105 internetow\u0105 (na przyk\u0142ad za pomoc\u0105 Google Analytics), aby\u015bmy mogli analizowa\u0107 i poprawia\u0107 wydajno\u015b\u0107 strony.<br>\nCiasteczka funkcjonalne: U\u017cywane do zapami\u0119tywania Twoich preferencji (takich jak j\u0119zyk lub region), aby zapewni\u0107 bardziej spersonalizowane do\u015bwiadczenie.<br>\nTwoje wybory: Wi\u0119kszo\u015b\u0107 przegl\u0105darek domy\u015blnie akceptuje ciasteczka. Mo\u017cesz odm\u00f3wi\u0107 lub usun\u0105\u0107 ciasteczka, modyfikuj\u0105c ustawienia przegl\u0105darki. Nale\u017cy jednak pami\u0119ta\u0107, \u017ce je\u015bli wy\u0142\u0105czysz ciasteczka, mo\u017ce to wp\u0142yn\u0105\u0107 na dost\u0119pno\u015b\u0107 i funkcjonalno\u015b\u0107 naszej strony internetowej.\n        <\/p>\n    <\/li>\n    \n    <li>\n        <h5 class=\"privacy-policy-h2\">\n            Bezpiecze\u0144stwo:\n        <\/h5>\n        <p class=\"privacy-policy-p\">\n            Bezpiecze\u0144stwo Twoich informacji jest dla nas wa\u017cne\n            i podejmiemy rozs\u0105dne \u015brodki bezpiecze\u0144stwa,\n            aby zapobiec utracie, niew\u0142a\u015bciwemu u\u017cyciu lub nieautoryzowanej\n            zmianie Twoich informacji, kt\u00f3re s\u0105 pod nasz\u0105\n            kontrol\u0105. Jednak bior\u0105c pod uwag\u0119 inherentne ryzyko, nie\n            mo\u017cemy zagwarantowa\u0107 absolutnego bezpiecze\u0144stwa i\n            w zwi\u0105zku z tym nie mo\u017cemy zapewni\u0107 ani gwarantowa\u0107\n            bezpiecze\u0144stwa jakichkolwiek informacji, kt\u00f3re nam przesy\u0142asz,\n            a robisz to na w\u0142asne ryzyko.\n        <\/p>\n    <\/li>\n\n\t<li>\n        <h5 class=\"privacy-policy-h2\">\n            Prywatno\u015b\u0107 dzieci:\n        <\/h5>\n        <p class=\"privacy-policy-p\">\n           Nasza strona internetowa i us\u0142ugi nie s\u0105 skierowane do dzieci poni\u017cej 16. roku \u017cycia. Nie zbieramy ani nie \u017c\u0105damy \u015bwiadomie informacji od dzieci poni\u017cej tego wieku.\n        <\/p>\n    <\/li>\n\n\n\n        <li>\n        <h5 class=\"privacy-policy-h2\">\n            Linki do stron trzecich i wykorzystanie Twoich informacji:\n        <\/h5>\n        <p class=\"privacy-policy-p\">\n            Nasza Us\u0142uga mo\u017ce zawiera\u0107 linki do innych stron internetowych,\n            kt\u00f3re nie s\u0105 przez nas obs\u0142ugiwane. Ta Polityka Prywatno\u015bci\n            nie odnosi si\u0119 do polityki prywatno\u015bci i innych\n            praktyk os\u00f3b trzecich, w tym jakiejkolwiek\n            osoby trzeciej obs\u0142uguj\u0105cej jak\u0105kolwiek stron\u0119 internetow\u0105 lub us\u0142ug\u0119,\n            kt\u00f3ra mo\u017ce by\u0107 dost\u0119pna za po\u015brednictwem linku w\n            Us\u0142udze. Zdecydowanie zalecamy, aby\u015b zapozna\u0142 si\u0119 z\n            polityk\u0105 prywatno\u015bci ka\u017cdej strony, kt\u00f3r\u0105 odwiedzasz. Nie mamy\n            kontroli nad ani nie ponosimy odpowiedzialno\u015bci za\n            tre\u015bci, polityki prywatno\u015bci ani praktyki\n            jakichkolwiek stron lub us\u0142ug os\u00f3b trzecich.\n        <\/p>\n    <\/li>\n    \n    <li>\n        <h5 class=\"privacy-policy-h2\">\n            Oficer ds. skarg \\\/ ochrony danych osobowych:\n        <\/h5>\n        <p class=\"privacy-policy-p\">\n            Je\u015bli masz jakiekolwiek pytania lub w\u0105tpliwo\u015bci dotycz\u0105ce\n            przetwarzania Twoich informacji, kt\u00f3re s\u0105 dost\u0119pne\n            u nas, mo\u017cesz wys\u0142a\u0107 e-mail do naszego Oficera ds. skarg pod\n            adres Guangzhou Ruida Packing Machinery Co., Ltd.,\n            Budynek D, nr 226, ulica Beishan Qiaotou, dzielnica Haizhu, miasto Guangzhou, prowincja Guangdong, Chiny,\n            e-mail: ceo@ruidapacking.com.\n            Rozwi\u0105\u017cemy Twoje w\u0105tpliwo\u015bci zgodnie z obowi\u0105zuj\u0105cym prawem.\n        <\/p>\n    <\/li>\n<\/ol>\n<br><br><br><br><br>\n\n\n\t\t\t\t\t\t\t\t<\/div>\n\t\t\t\t<\/div>\n\t\t\t\t\t<\/div>\n\t\t\t\t<\/div>\n\t\t\t\t<\/div>","protected":false},"excerpt":{"rendered":"<p>Last Updated On 25-Sep-2025 Effective Date 25-Sep-2025 This Privacy Policy describes the policies of Guangzhou Ruida Packing Machinery Co., Ltd., Building D, No. 226, Beishan Qiaotou Street, Haizhu District, Guangzhou City, Guangdong Province, China, email: ceo@ruidapacking.com, phone: +86 15817128250 on the collection, use and disclosure of your information that we collect when you use our [&hellip;]<\/p>","protected":false},"author":4,"featured_media":0,"parent":0,"menu_order":0,"comment_status":"closed","ping_status":"closed","template":"","meta":{"_sitemap_exclude":false,"_sitemap_priority":"","_sitemap_frequency":"","footnotes":""},"class_list":["post-15034","page","type-page","status-publish","hentry"],"acf":[],"_links":{"self":[{"href":"https:\/\/ruidapacking.com\/pl\/wp-json\/wp\/v2\/pages\/15034","targetHints":{"allow":["GET"]}}],"collection":[{"href":"https:\/\/ruidapacking.com\/pl\/wp-json\/wp\/v2\/pages"}],"about":[{"href":"https:\/\/ruidapacking.com\/pl\/wp-json\/wp\/v2\/types\/page"}],"author":[{"embeddable":true,"href":"https:\/\/ruidapacking.com\/pl\/wp-json\/wp\/v2\/users\/4"}],"replies":[{"embeddable":true,"href":"https:\/\/ruidapacking.com\/pl\/wp-json\/wp\/v2\/comments?post=15034"}],"version-history":[{"count":0,"href":"https:\/\/ruidapacking.com\/pl\/wp-json\/wp\/v2\/pages\/15034\/revisions"}],"wp:attachment":[{"href":"https:\/\/ruidapacking.com\/pl\/wp-json\/wp\/v2\/media?parent=15034"}],"curies":[{"name":"wp","href":"https:\/\/api.w.org\/{rel}","templated":true}]}}