{"id":9197,"date":"2024-04-26T21:51:48","date_gmt":"2024-04-26T13:51:48","guid":{"rendered":"https:\/\/ruidapacking.com\/?post_type=product&#038;p=9197"},"modified":"2024-11-07T20:56:09","modified_gmt":"2024-11-07T12:56:09","slug":"capsule-filler-manufacturer","status":"publish","type":"product","link":"https:\/\/ruidapacking.com\/fr\/product\/capsule-filler-manufacturer\/","title":{"rendered":"Fabricant de remplisseurs de capsules"},"content":{"rendered":"","protected":false},"excerpt":{"rendered":"<p>Les fabricants de remplisseurs de capsules sont essentiels dans des industries telles que les produits pharmaceutiques pour leur efficacit\u00e9 dans la production de grandes quantit\u00e9s de capsules remplies avec pr\u00e9cision.<\/p>","protected":false},"featured_media":12288,"template":"","meta":{"_sitemap_exclude":false,"_sitemap_priority":"","_sitemap_frequency":""},"product_categories":[37],"class_list":["post-9197","product","type-product","status-publish","has-post-thumbnail","hentry","product_categories-all-automatic-capsule-filling-machine"],"acf":[],"_links":{"self":[{"href":"https:\/\/ruidapacking.com\/fr\/wp-json\/wp\/v2\/product\/9197","targetHints":{"allow":["GET"]}}],"collection":[{"href":"https:\/\/ruidapacking.com\/fr\/wp-json\/wp\/v2\/product"}],"about":[{"href":"https:\/\/ruidapacking.com\/fr\/wp-json\/wp\/v2\/types\/product"}],"wp:featuredmedia":[{"embeddable":true,"href":"https:\/\/ruidapacking.com\/fr\/wp-json\/wp\/v2\/media\/12288"}],"wp:attachment":[{"href":"https:\/\/ruidapacking.com\/fr\/wp-json\/wp\/v2\/media?parent=9197"}],"wp:term":[{"taxonomy":"product_categories","embeddable":true,"href":"https:\/\/ruidapacking.com\/fr\/wp-json\/wp\/v2\/product_categories?post=9197"}],"curies":[{"name":"wp","href":"https:\/\/api.w.org\/{rel}","templated":true}]}}