{"id":9108,"date":"2024-04-17T18:40:55","date_gmt":"2024-04-17T10:40:55","guid":{"rendered":"https:\/\/ruidapacking.com\/?post_type=product&#038;p=9108"},"modified":"2025-03-20T19:56:50","modified_gmt":"2025-03-20T11:56:50","slug":"gummy-bear-counting-bottler","status":"publish","type":"product","link":"https:\/\/ruidapacking.com\/fr\/product\/gummy-bear-counting-bottler\/","title":{"rendered":"Compteur\/embouteilleur d&#039;oursons en g\u00e9latine"},"content":{"rendered":"","protected":false},"excerpt":{"rendered":"<p>La machine de comptage\/mise en bouteille d&#039;oursons en g\u00e9latine am\u00e9liore non seulement l&#039;efficacit\u00e9 et la pr\u00e9cision de la production de bonbons, mais contribue \u00e9galement \u00e0 garantir la qualit\u00e9 des produits et la s\u00e9curit\u00e9 alimentaire.<\/p>","protected":false},"featured_media":13553,"template":"","meta":{"_sitemap_exclude":false,"_sitemap_priority":"","_sitemap_frequency":""},"product_categories":[42],"class_list":["post-9108","product","type-product","status-publish","has-post-thumbnail","hentry","product_categories-all-automatic-counting-machine"],"acf":[],"_links":{"self":[{"href":"https:\/\/ruidapacking.com\/fr\/wp-json\/wp\/v2\/product\/9108","targetHints":{"allow":["GET"]}}],"collection":[{"href":"https:\/\/ruidapacking.com\/fr\/wp-json\/wp\/v2\/product"}],"about":[{"href":"https:\/\/ruidapacking.com\/fr\/wp-json\/wp\/v2\/types\/product"}],"wp:featuredmedia":[{"embeddable":true,"href":"https:\/\/ruidapacking.com\/fr\/wp-json\/wp\/v2\/media\/13553"}],"wp:attachment":[{"href":"https:\/\/ruidapacking.com\/fr\/wp-json\/wp\/v2\/media?parent=9108"}],"wp:term":[{"taxonomy":"product_categories","embeddable":true,"href":"https:\/\/ruidapacking.com\/fr\/wp-json\/wp\/v2\/product_categories?post=9108"}],"curies":[{"name":"wp","href":"https:\/\/api.w.org\/{rel}","templated":true}]}}