{"id":9062,"date":"2024-04-09T20:56:53","date_gmt":"2024-04-09T12:56:53","guid":{"rendered":"https:\/\/ruidapacking.com\/?post_type=product&#038;p=9062"},"modified":"2024-07-09T18:12:55","modified_gmt":"2024-07-09T10:12:55","slug":"vitamin-gummies-counting-machines","status":"publish","type":"product","link":"https:\/\/ruidapacking.com\/fr\/product\/vitamin-gummies-counting-machines\/","title":{"rendered":"Machines \u00e0 compter les bonbons vitamin\u00e9s"},"content":{"rendered":"","protected":false},"excerpt":{"rendered":"<p>Les machines de comptage de bonbons g\u00e9lifi\u00e9s vitamin\u00e9s peuvent compter toutes sortes de bonbons g\u00e9lifi\u00e9s dans une bouteille, tels que la pectine, le sucre, les bonbons g\u00e9lifi\u00e9s huil\u00e9s\u2026 Ce qui convient \u00e0 l&#039;industrie pharmaceutique et alimentaire.<\/p>","protected":false},"featured_media":9753,"template":"","meta":{"_sitemap_exclude":false,"_sitemap_priority":"","_sitemap_frequency":""},"product_categories":[42],"class_list":["post-9062","product","type-product","status-publish","has-post-thumbnail","hentry","product_categories-all-automatic-counting-machine"],"acf":[],"_links":{"self":[{"href":"https:\/\/ruidapacking.com\/fr\/wp-json\/wp\/v2\/product\/9062","targetHints":{"allow":["GET"]}}],"collection":[{"href":"https:\/\/ruidapacking.com\/fr\/wp-json\/wp\/v2\/product"}],"about":[{"href":"https:\/\/ruidapacking.com\/fr\/wp-json\/wp\/v2\/types\/product"}],"wp:featuredmedia":[{"embeddable":true,"href":"https:\/\/ruidapacking.com\/fr\/wp-json\/wp\/v2\/media\/9753"}],"wp:attachment":[{"href":"https:\/\/ruidapacking.com\/fr\/wp-json\/wp\/v2\/media?parent=9062"}],"wp:term":[{"taxonomy":"product_categories","embeddable":true,"href":"https:\/\/ruidapacking.com\/fr\/wp-json\/wp\/v2\/product_categories?post=9062"}],"curies":[{"name":"wp","href":"https:\/\/api.w.org\/{rel}","templated":true}]}}