{"id":8894,"date":"2024-03-28T15:30:27","date_gmt":"2024-03-28T07:30:27","guid":{"rendered":"https:\/\/ruidapacking.com\/?post_type=product&#038;p=8894"},"modified":"2024-12-06T14:40:28","modified_gmt":"2024-12-06T06:40:28","slug":"medicine-capsule-making-machine","status":"publish","type":"product","link":"https:\/\/ruidapacking.com\/fr\/product\/medicine-capsule-making-machine\/","title":{"rendered":"Machine de fabrication de capsules de m\u00e9dicaments"},"content":{"rendered":"","protected":false},"excerpt":{"rendered":"<p>La machine de fabrication de g\u00e9lules de m\u00e9dicaments peut remplir des poudres, des granul\u00e9s et des pastilles dans des g\u00e9lules dures. Elle est largement utilis\u00e9e dans les industries pharmaceutiques et de compl\u00e9ments.<\/p>","protected":false},"featured_media":12782,"template":"","meta":{"_sitemap_exclude":false,"_sitemap_priority":"","_sitemap_frequency":""},"product_categories":[37],"class_list":["post-8894","product","type-product","status-publish","has-post-thumbnail","hentry","product_categories-all-automatic-capsule-filling-machine"],"acf":[],"_links":{"self":[{"href":"https:\/\/ruidapacking.com\/fr\/wp-json\/wp\/v2\/product\/8894","targetHints":{"allow":["GET"]}}],"collection":[{"href":"https:\/\/ruidapacking.com\/fr\/wp-json\/wp\/v2\/product"}],"about":[{"href":"https:\/\/ruidapacking.com\/fr\/wp-json\/wp\/v2\/types\/product"}],"wp:featuredmedia":[{"embeddable":true,"href":"https:\/\/ruidapacking.com\/fr\/wp-json\/wp\/v2\/media\/12782"}],"wp:attachment":[{"href":"https:\/\/ruidapacking.com\/fr\/wp-json\/wp\/v2\/media?parent=8894"}],"wp:term":[{"taxonomy":"product_categories","embeddable":true,"href":"https:\/\/ruidapacking.com\/fr\/wp-json\/wp\/v2\/product_categories?post=8894"}],"curies":[{"name":"wp","href":"https:\/\/api.w.org\/{rel}","templated":true}]}}