{"id":8850,"date":"2024-03-12T20:22:25","date_gmt":"2024-03-12T12:22:25","guid":{"rendered":"https:\/\/ruidapacking.com\/?post_type=product&#038;p=8850"},"modified":"2024-11-26T15:46:04","modified_gmt":"2024-11-26T07:46:04","slug":"jf8-tablet-counting-machine","status":"publish","type":"product","link":"https:\/\/ruidapacking.com\/fr\/product\/jf8-tablet-counting-machine\/","title":{"rendered":"Compteuse de comprim\u00e9s Jf8"},"content":{"rendered":"","protected":false},"excerpt":{"rendered":"<p>La machine de comptage de comprim\u00e9s Jf8 peut compter toutes sortes de comprim\u00e9s, capsules et gommes de 3 \u00e0 40 mm dans une bouteille, adapt\u00e9e \u00e0 l&#039;industrie pharmaceutique et aux suppl\u00e9ments.<\/p>","protected":false},"featured_media":12715,"template":"","meta":{"_sitemap_exclude":false,"_sitemap_priority":"","_sitemap_frequency":""},"product_categories":[42],"class_list":["post-8850","product","type-product","status-publish","has-post-thumbnail","hentry","product_categories-all-automatic-counting-machine"],"acf":[],"_links":{"self":[{"href":"https:\/\/ruidapacking.com\/fr\/wp-json\/wp\/v2\/product\/8850","targetHints":{"allow":["GET"]}}],"collection":[{"href":"https:\/\/ruidapacking.com\/fr\/wp-json\/wp\/v2\/product"}],"about":[{"href":"https:\/\/ruidapacking.com\/fr\/wp-json\/wp\/v2\/types\/product"}],"wp:featuredmedia":[{"embeddable":true,"href":"https:\/\/ruidapacking.com\/fr\/wp-json\/wp\/v2\/media\/12715"}],"wp:attachment":[{"href":"https:\/\/ruidapacking.com\/fr\/wp-json\/wp\/v2\/media?parent=8850"}],"wp:term":[{"taxonomy":"product_categories","embeddable":true,"href":"https:\/\/ruidapacking.com\/fr\/wp-json\/wp\/v2\/product_categories?post=8850"}],"curies":[{"name":"wp","href":"https:\/\/api.w.org\/{rel}","templated":true}]}}