{"id":8745,"date":"2024-01-22T14:29:24","date_gmt":"2024-01-22T06:29:24","guid":{"rendered":"https:\/\/ruidapacking.com\/?post_type=product&#038;p=8745"},"modified":"2025-03-20T16:59:35","modified_gmt":"2025-03-20T08:59:35","slug":"single-sided-rotary-tablet-press-machine","status":"publish","type":"product","link":"https:\/\/ruidapacking.com\/fr\/product\/single-sided-rotary-tablet-press-machine\/","title":{"rendered":"Presse \u00e0 comprim\u00e9s rotative simple face"},"content":{"rendered":"","protected":false},"excerpt":{"rendered":"<p>La presse \u00e0 comprim\u00e9s rotative simple face peut presser des poudres et des ingr\u00e9dients m\u00e9dicinaux en comprim\u00e9s uniformes, garantissant un dosage pr\u00e9cis et une qualit\u00e9 constante.<\/p>","protected":false},"featured_media":10368,"template":"","meta":{"_sitemap_exclude":false,"_sitemap_priority":"","_sitemap_frequency":""},"product_categories":[40],"class_list":["post-8745","product","type-product","status-publish","has-post-thumbnail","hentry","product_categories-all-tablet-press-machine"],"acf":[],"_links":{"self":[{"href":"https:\/\/ruidapacking.com\/fr\/wp-json\/wp\/v2\/product\/8745","targetHints":{"allow":["GET"]}}],"collection":[{"href":"https:\/\/ruidapacking.com\/fr\/wp-json\/wp\/v2\/product"}],"about":[{"href":"https:\/\/ruidapacking.com\/fr\/wp-json\/wp\/v2\/types\/product"}],"wp:featuredmedia":[{"embeddable":true,"href":"https:\/\/ruidapacking.com\/fr\/wp-json\/wp\/v2\/media\/10368"}],"wp:attachment":[{"href":"https:\/\/ruidapacking.com\/fr\/wp-json\/wp\/v2\/media?parent=8745"}],"wp:term":[{"taxonomy":"product_categories","embeddable":true,"href":"https:\/\/ruidapacking.com\/fr\/wp-json\/wp\/v2\/product_categories?post=8745"}],"curies":[{"name":"wp","href":"https:\/\/api.w.org\/{rel}","templated":true}]}}