{"id":8684,"date":"2026-02-10T12:06:27","date_gmt":"2026-02-10T04:06:27","guid":{"rendered":"https:\/\/ruidapacking.com\/?post_type=product&#038;p=8684"},"modified":"2026-02-10T18:22:37","modified_gmt":"2026-02-10T10:22:37","slug":"16-lanes-tablet-counting-machine","status":"publish","type":"product","link":"https:\/\/ruidapacking.com\/fr\/product\/16-lanes-tablet-counting-machine\/","title":{"rendered":"Machine de comptage de comprim\u00e9s \u00e0 16 voies"},"content":{"rendered":"","protected":false},"excerpt":{"rendered":"<p>Les machines de comptage de comprim\u00e9s \u00e0 16 voies sont essentielles pour distribuer avec pr\u00e9cision des comprim\u00e9s ou des capsules dans les industries pharmaceutiques, nutraceutiques et alimentaires. <\/p>","protected":false},"featured_media":12726,"template":"","meta":{"_sitemap_exclude":false,"_sitemap_priority":"","_sitemap_frequency":""},"product_categories":[41],"class_list":["post-8684","product","type-product","status-publish","has-post-thumbnail","hentry","product_categories-all-blister-packing-machine"],"acf":[],"_links":{"self":[{"href":"https:\/\/ruidapacking.com\/fr\/wp-json\/wp\/v2\/product\/8684","targetHints":{"allow":["GET"]}}],"collection":[{"href":"https:\/\/ruidapacking.com\/fr\/wp-json\/wp\/v2\/product"}],"about":[{"href":"https:\/\/ruidapacking.com\/fr\/wp-json\/wp\/v2\/types\/product"}],"wp:featuredmedia":[{"embeddable":true,"href":"https:\/\/ruidapacking.com\/fr\/wp-json\/wp\/v2\/media\/12726"}],"wp:attachment":[{"href":"https:\/\/ruidapacking.com\/fr\/wp-json\/wp\/v2\/media?parent=8684"}],"wp:term":[{"taxonomy":"product_categories","embeddable":true,"href":"https:\/\/ruidapacking.com\/fr\/wp-json\/wp\/v2\/product_categories?post=8684"}],"curies":[{"name":"wp","href":"https:\/\/api.w.org\/{rel}","templated":true}]}}