{"id":8076,"date":"2023-08-24T20:29:41","date_gmt":"2023-08-24T12:29:41","guid":{"rendered":"https:\/\/ruidapacking.com\/?post_type=product&#038;p=8076"},"modified":"2026-01-22T18:03:43","modified_gmt":"2026-01-22T10:03:43","slug":"automatic-bottling-candy-counting-machine","status":"publish","type":"product","link":"https:\/\/ruidapacking.com\/fr\/product\/automatic-bottling-candy-counting-machine\/","title":{"rendered":"Machine automatique de comptage de bonbons pour la mise en bouteille"},"content":{"rendered":"","protected":false},"excerpt":{"rendered":"<p>La machine de comptage automatique de bonbons en bouteille avec ses capacit\u00e9s de comptage efficaces et pr\u00e9cises est largement utilis\u00e9e dans les fichiers de produits pharmaceutiques, alimentaires et de soins de sant\u00e9.<\/p>","protected":false},"featured_media":14227,"template":"","meta":{"_sitemap_exclude":false,"_sitemap_priority":"","_sitemap_frequency":""},"product_categories":[62],"class_list":["post-8076","product","type-product","status-publish","has-post-thumbnail","hentry","product_categories-premade-pouch-packing-machine"],"acf":[],"_links":{"self":[{"href":"https:\/\/ruidapacking.com\/fr\/wp-json\/wp\/v2\/product\/8076","targetHints":{"allow":["GET"]}}],"collection":[{"href":"https:\/\/ruidapacking.com\/fr\/wp-json\/wp\/v2\/product"}],"about":[{"href":"https:\/\/ruidapacking.com\/fr\/wp-json\/wp\/v2\/types\/product"}],"wp:featuredmedia":[{"embeddable":true,"href":"https:\/\/ruidapacking.com\/fr\/wp-json\/wp\/v2\/media\/14227"}],"wp:attachment":[{"href":"https:\/\/ruidapacking.com\/fr\/wp-json\/wp\/v2\/media?parent=8076"}],"wp:term":[{"taxonomy":"product_categories","embeddable":true,"href":"https:\/\/ruidapacking.com\/fr\/wp-json\/wp\/v2\/product_categories?post=8076"}],"curies":[{"name":"wp","href":"https:\/\/api.w.org\/{rel}","templated":true}]}}