{"id":14908,"date":"2025-09-12T15:52:15","date_gmt":"2025-09-12T07:52:15","guid":{"rendered":"https:\/\/ruidapacking.com\/?post_type=product&#038;p=14908"},"modified":"2026-01-22T21:07:53","modified_gmt":"2026-01-22T13:07:53","slug":"tablet-capsule-metal-detection-machine","status":"publish","type":"product","link":"https:\/\/ruidapacking.com\/fr\/product\/tablet-capsule-metal-detection-machine\/","title":{"rendered":"Machine de d\u00e9tection de m\u00e9taux pour comprim\u00e9s et g\u00e9lules"},"content":{"rendered":"","protected":false},"excerpt":{"rendered":"<p>Machine de d\u00e9tection des m\u00e9taux dans les comprim\u00e9s, les g\u00e9lules et les capsules, con\u00e7ue pour la pr\u00e9cision et la fiabilit\u00e9, afin de d\u00e9tecter les m\u00e9taux FE, non FE et SUS dans les comprim\u00e9s, les g\u00e9lules et les produits \u00e0 base de capsules molles.<\/p>","protected":false},"featured_media":14916,"template":"","meta":{"_sitemap_exclude":false,"_sitemap_priority":"","_sitemap_frequency":""},"product_categories":[40],"class_list":["post-14908","product","type-product","status-publish","has-post-thumbnail","hentry","product_categories-all-tablet-press-machine"],"acf":[],"_links":{"self":[{"href":"https:\/\/ruidapacking.com\/fr\/wp-json\/wp\/v2\/product\/14908","targetHints":{"allow":["GET"]}}],"collection":[{"href":"https:\/\/ruidapacking.com\/fr\/wp-json\/wp\/v2\/product"}],"about":[{"href":"https:\/\/ruidapacking.com\/fr\/wp-json\/wp\/v2\/types\/product"}],"wp:featuredmedia":[{"embeddable":true,"href":"https:\/\/ruidapacking.com\/fr\/wp-json\/wp\/v2\/media\/14916"}],"wp:attachment":[{"href":"https:\/\/ruidapacking.com\/fr\/wp-json\/wp\/v2\/media?parent=14908"}],"wp:term":[{"taxonomy":"product_categories","embeddable":true,"href":"https:\/\/ruidapacking.com\/fr\/wp-json\/wp\/v2\/product_categories?post=14908"}],"curies":[{"name":"wp","href":"https:\/\/api.w.org\/{rel}","templated":true}]}}