{"id":13276,"date":"2026-02-10T11:10:17","date_gmt":"2026-02-10T03:10:17","guid":{"rendered":"https:\/\/ruidapacking.com\/?post_type=product&#038;p=13276"},"modified":"2026-02-10T18:27:55","modified_gmt":"2026-02-10T10:27:55","slug":"capsule-count-bottle-filling-line","status":"publish","type":"product","link":"https:\/\/ruidapacking.com\/fr\/product\/capsule-count-bottle-filling-line\/","title":{"rendered":"Ligne de remplissage de bouteilles \u00e0 comptage de capsules"},"content":{"rendered":"","protected":false},"excerpt":{"rendered":"<p>La ligne de remplissage de bouteilles \u00e0 comptage de capsules comprend un redresseur de bouteilles, un compteur, une trieuse pond\u00e9rale, un ins\u00e9reuse de dessiccant, une capsuleuse, une scelleuse de feuilles d&#039;aluminium et une \u00e9tiqueteuse.<\/p>","protected":false},"featured_media":13277,"template":"","meta":{"_sitemap_exclude":false,"_sitemap_priority":"","_sitemap_frequency":""},"product_categories":[42],"class_list":["post-13276","product","type-product","status-publish","has-post-thumbnail","hentry","product_categories-all-automatic-counting-machine"],"acf":[],"_links":{"self":[{"href":"https:\/\/ruidapacking.com\/fr\/wp-json\/wp\/v2\/product\/13276","targetHints":{"allow":["GET"]}}],"collection":[{"href":"https:\/\/ruidapacking.com\/fr\/wp-json\/wp\/v2\/product"}],"about":[{"href":"https:\/\/ruidapacking.com\/fr\/wp-json\/wp\/v2\/types\/product"}],"wp:featuredmedia":[{"embeddable":true,"href":"https:\/\/ruidapacking.com\/fr\/wp-json\/wp\/v2\/media\/13277"}],"wp:attachment":[{"href":"https:\/\/ruidapacking.com\/fr\/wp-json\/wp\/v2\/media?parent=13276"}],"wp:term":[{"taxonomy":"product_categories","embeddable":true,"href":"https:\/\/ruidapacking.com\/fr\/wp-json\/wp\/v2\/product_categories?post=13276"}],"curies":[{"name":"wp","href":"https:\/\/api.w.org\/{rel}","templated":true}]}}