{"id":13260,"date":"2025-01-14T15:32:39","date_gmt":"2025-01-14T07:32:39","guid":{"rendered":"https:\/\/ruidapacking.com\/?post_type=product&#038;p=13260"},"modified":"2026-04-03T14:03:48","modified_gmt":"2026-04-03T06:03:48","slug":"full-servo-horizontal-cartoner","status":"publish","type":"product","link":"https:\/\/ruidapacking.com\/fr\/product\/full-servo-horizontal-cartoner\/","title":{"rendered":"Encartonneuse horizontale enti\u00e8rement servo"},"content":{"rendered":"","protected":false},"excerpt":{"rendered":"<p>L&#039;encartonneuse horizontale enti\u00e8rement servo fournit un emballage efficace et automatis\u00e9, garantissant un placement pr\u00e9cis des blisters, un fonctionnement \u00e0 grande vitesse et s\u00e9curis\u00e9.<\/p>","protected":false},"featured_media":13261,"template":"","meta":{"_sitemap_exclude":false,"_sitemap_priority":"","_sitemap_frequency":""},"product_categories":[43],"class_list":["post-13260","product","type-product","status-publish","has-post-thumbnail","hentry","product_categories-all-cartoning-machine"],"acf":[],"_links":{"self":[{"href":"https:\/\/ruidapacking.com\/fr\/wp-json\/wp\/v2\/product\/13260","targetHints":{"allow":["GET"]}}],"collection":[{"href":"https:\/\/ruidapacking.com\/fr\/wp-json\/wp\/v2\/product"}],"about":[{"href":"https:\/\/ruidapacking.com\/fr\/wp-json\/wp\/v2\/types\/product"}],"wp:featuredmedia":[{"embeddable":true,"href":"https:\/\/ruidapacking.com\/fr\/wp-json\/wp\/v2\/media\/13261"}],"wp:attachment":[{"href":"https:\/\/ruidapacking.com\/fr\/wp-json\/wp\/v2\/media?parent=13260"}],"wp:term":[{"taxonomy":"product_categories","embeddable":true,"href":"https:\/\/ruidapacking.com\/fr\/wp-json\/wp\/v2\/product_categories?post=13260"}],"curies":[{"name":"wp","href":"https:\/\/api.w.org\/{rel}","templated":true}]}}